{"id":523,"date":"2021-01-05T16:29:17","date_gmt":"2021-01-05T16:29:17","guid":{"rendered":"https:\/\/romahistory.com\/?page_id=523"},"modified":"2021-01-05T16:29:17","modified_gmt":"2021-01-05T16:29:17","slug":"jasenovac","status":"publish","type":"page","link":"https:\/\/romahistory.com\/?page_id=523","title":{"rendered":"Vernichtungslager Jasenovac"},"content":{"rendered":"\n<p>Im Herbst 1941 wurden auf Befehl Himmlers \u00fcber 5.000 Sinti und Roma aus der Steiermark und dem Burgenland in das Ghetto Lodz deportiert und in einem abgeriegelten Teil untergebracht. Nach Ausbruch einer Typhus-Epidemie wurde das &#8222;Zigeunerlager&#8220; unter strenge Quarant\u00e4ne gestellt. Die Beerdigung der zahlreichen Toten erfolgte auf dem j\u00fcdischen Ghettofriedhof. Im Januar 1942 wurden die letzten \u00dcberlebenden in das Vernichtungslager Chelmno gebracht und dort vergast. Zu diesem Zeitpunkt hatten Einsatzgruppen in den besetzten Gebieten in Polen, der Sowjetunion und in S\u00fcdosteuropa bereits Zehntausende Roma systematisch ermordet. Der deutsche Verb\u00fcndete Rum\u00e4nien begann Ende 1941 mit der Ermordung von Roma, bis September 1942 starben dort rund 25.000 Menschen. Unmittelbar nach dem Balkanfeldzug im April 1941 hatten sich die Roma in Serbien registrieren lassen und gelbe Armbinden mit der Aufschrift &#8222;Zigeuner&#8220; tragen m\u00fcssen. Viele von ihnen wurden Opfer von als Vergeltungsma\u00dfnahmen f\u00fcr Partisanenangriffe deklarierten Exekutionen. Im 1941 die Unabh\u00e4ngigkeit erlangten Kroatien erging im Mai 1942 die Anordnung, s\u00e4mtliche &#8222;Zigeuner&#8220; festzunehmen. Allein in der Krajina wurden \u00fcber 5.000 Roma gefangen genommen und in das Lager Jasenovac verschleppt, wo bis Kriegsende gesch\u00e4tzte 10.000 bis 40.000 Roma umgebracht wurden.<\/p>\n","protected":false},"excerpt":{"rendered":"<p>Im Herbst 1941 wurden auf Befehl Himmlers \u00fcber 5.000 Sinti und Roma aus der Steiermark und dem Burgenland in das Ghetto Lodz deportiert und in einem abgeriegelten Teil untergebracht. Nach Ausbruch einer Typhus-Epidemie wurde das &#8222;Zigeunerlager&#8220; unter strenge Quarant\u00e4ne gestellt. Die Beerdigung der zahlreichen Toten erfolgte auf dem j\u00fcdischen Ghettofriedhof. Im Januar 1942 wurden die &hellip; <\/p>\n","protected":false},"author":1,"featured_media":0,"parent":0,"menu_order":0,"comment_status":"closed","ping_status":"closed","template":"","meta":{"footnotes":""},"aioseo_notices":[],"_links":{"self":[{"href":"https:\/\/romahistory.com\/index.php?rest_route=\/wp\/v2\/pages\/523"}],"collection":[{"href":"https:\/\/romahistory.com\/index.php?rest_route=\/wp\/v2\/pages"}],"about":[{"href":"https:\/\/romahistory.com\/index.php?rest_route=\/wp\/v2\/types\/page"}],"author":[{"embeddable":true,"href":"https:\/\/romahistory.com\/index.php?rest_route=\/wp\/v2\/users\/1"}],"replies":[{"embeddable":true,"href":"https:\/\/romahistory.com\/index.php?rest_route=%2Fwp%2Fv2%2Fcomments&post=523"}],"version-history":[{"count":0,"href":"https:\/\/romahistory.com\/index.php?rest_route=\/wp\/v2\/pages\/523\/revisions"}],"wp:attachment":[{"href":"https:\/\/romahistory.com\/index.php?rest_route=%2Fwp%2Fv2%2Fmedia&parent=523"}],"curies":[{"name":"wp","href":"https:\/\/api.w.org\/{rel}","templated":true}]}}