{"id":363,"date":"2020-10-14T17:51:39","date_gmt":"2020-10-14T17:51:39","guid":{"rendered":"https:\/\/romahistory.com\/?page_id=363"},"modified":"2020-10-14T17:51:39","modified_gmt":"2020-10-14T17:51:39","slug":"chronologie-des-voelkermords-an-den-roma-und-sinti-unter-dem-nationalsozialismus","status":"publish","type":"page","link":"https:\/\/romahistory.com\/?page_id=363","title":{"rendered":"Chronologie des V\u00f6lkermords an den  Roma und Sinti unter dem Nationalsozialismus"},"content":{"rendered":"\n<figure class=\"wp-block-embed-youtube wp-block-embed is-type-video is-provider-youtube wp-embed-aspect-16-9 wp-has-aspect-ratio\"><div class=\"wp-block-embed__wrapper\">\n<iframe loading=\"lazy\" title=\"1. Denkmal Roma und Sinti in Berlin - Text des Denkmals - 1933-1938\" width=\"1020\" height=\"574\" src=\"https:\/\/www.youtube.com\/embed\/z6TejPh5QuY?feature=oembed\" frameborder=\"0\" allow=\"accelerometer; autoplay; clipboard-write; encrypted-media; gyroscope; picture-in-picture; web-share\" allowfullscreen><\/iframe>\n<\/div><figcaption>Weitere 25 Sprachen in den &#8222;Schlauer in 100 Sekunden&#8220; Playlists der jeweiligen Sprache: https:\/\/www.youtube.com\/user\/RomaEduOrg\/playlists<\/figcaption><\/figure>\n\n\n\n<figure class=\"wp-block-embed-youtube wp-block-embed is-type-video is-provider-youtube wp-embed-aspect-16-9 wp-has-aspect-ratio\"><div class=\"wp-block-embed__wrapper\">\n<iframe loading=\"lazy\" title=\"2. Denkmal Roma und Sinti in Berlin - Text des Denkmals - Teil 2 bis 1939-1945\" width=\"1020\" height=\"574\" src=\"https:\/\/www.youtube.com\/embed\/0Babzd4AaD4?feature=oembed\" frameborder=\"0\" allow=\"accelerometer; autoplay; clipboard-write; encrypted-media; gyroscope; picture-in-picture; web-share\" allowfullscreen><\/iframe>\n<\/div><figcaption>Weitere 25 Sprachen in den &#8222;Schlauer in 100 Sekunden&#8220; Playlists der jeweiligen Sprache: https:\/\/www.youtube.com\/user\/RomaEduOrg\/playlists<\/figcaption><\/figure>\n\n\n\n<p>Auto Text google speech:<\/p>\n\n\n\n<p>Die\u00a0Chronologie\u00a0des\u00a0v\u00f6lkermords\u00a0an\u00a0den\u00a0roma\u00a0und\u00a0sinti\u00a0unter\u00a0der\u00a0herrschaft\u00a0des\u00a0nationalsozialismus\u00a0wurden\u00a0von\u00a01933\u00a0bis\u00a01945\u00a0hunderttausende\u00a0menschen\u00a0in\u00a0deutschland\u00a0und\u00a0anderen\u00a0europ\u00e4ischen\u00a0l\u00e4ndern\u00a0als\u00a0zigeuner\u00a0verfolgt\u00a0die\u00a0meisten\u00a0von\u00a0ihnen\u00a0bezeichneten\u00a0sich\u00a0selbst\u00a0nach\u00a0ihrer\u00a0jeweiligen\u00a0zugeh\u00f6rigkeit\u00a0verschiedener\u00a0gruppen\u00a0beispielsweise\u00a0z\u00e4hlt\u00a0die\u00a0roma\u00a0galerie\u00a0lowara\u00a0oder\u00a0manu\u00a0die\u00a0gr\u00f6\u00dften\u00a0gruppen\u00a0in\u00a0europa\u00a0waren\u00a0die\u00a0roma\u00a0und\u00a0sinti\u00a0ziel\u00a0des\u00a0nationales\u00a0des\u00a0staates\u00a0und\u00a0seiner\u00a0rassenideologie\u00a0war\u00a0die\u00a0vernichtung\u00a0dieser\u00a0minderheit\u00a0kinder\u00a0frauen\u00a0und\u00a0m\u00e4nner\u00a0wurden\u00a0verschleppt\u00a0an\u00a0ihren\u00a0heimatorten\u00a0oder\u00a0an\u00a0ghettos\u00a0konzentrations\u00a0und\u00a0vernichtungslagern\u00a0ermordet\u00a0von\u00a0verfolgungsma\u00dfnahmen\u00a0betroffen\u00a0waren\u00a0auch\u00a0angeh\u00f6rige\u00a0der\u00a0eigenst\u00e4ndigen\u00a0opfergruppe der\u00a0jenischen\u00a0und\u00a0andere\u00a0fahrende.\u00a0<\/p>\n\n\n\n<p>1933<\/p>\n\n\n\n<p>roma&nbsp;und&nbsp;sinti&nbsp;werden&nbsp;versch\u00e4rft&nbsp;diskriminiert&nbsp;zunehmend&nbsp;entrechtet&nbsp;und&nbsp;auf&nbsp;der&nbsp;gesellschaftlichen&nbsp;leben&nbsp;ausgeschlossen&nbsp;es&nbsp;folgen&nbsp;erste&nbsp;einweisungen&nbsp;konzentrationslager&nbsp;und&nbsp;ab 1934&nbsp;zwangssterilisation&nbsp;<\/p>\n\n\n\n<p>1935&nbsp;<\/p>\n\n\n\n<p>in&nbsp;vielen&nbsp;st\u00e4dten&nbsp;des&nbsp;deutschen&nbsp;reiches&nbsp;werden&nbsp;konzentrationslager&nbsp;errichtet&nbsp;in&nbsp;berlin&nbsp;werden&nbsp;100&nbsp;menschen&nbsp;zwei&nbsp;wochen&nbsp;vor&nbsp;er\u00f6ffnung&nbsp;der&nbsp;olympischen&nbsp;spiele&nbsp;1936&nbsp;in&nbsp;ein&nbsp;solches&nbsp;lager&nbsp;in&nbsp;stadtteil&nbsp;marzahn&nbsp;eingewiesen&nbsp;die&nbsp;lager&nbsp;dienen&nbsp;der&nbsp;konzentration&nbsp;festsetzung&nbsp;und&nbsp;erfassung&nbsp;der&nbsp;isolierung&nbsp;sowie&nbsp;der&nbsp;rekrutierung&nbsp;zur&nbsp;zwangsarbeit&nbsp;<\/p>\n\n\n\n<p>1936&nbsp;<\/p>\n\n\n\n<p>nach&nbsp;den&nbsp;n\u00fcrnberger&nbsp;rassegesetzen&nbsp;von&nbsp;1935&nbsp;verf\u00fcgt&nbsp;reichsinnenminister&nbsp;wilhelm&nbsp;frick&nbsp;im&nbsp;januar&nbsp;1936&nbsp;zitat&nbsp;zu&nbsp;den&nbsp;artfremden&nbsp;rassen&nbsp;geh\u00f6ren&nbsp;alle&nbsp;anderen&nbsp;rassen&nbsp;das&nbsp;Update Voice sind in europa au\u00dfer den juden regelm\u00e4\u00dfig nur die zigeuner zitat ende auf dieser basis wird ein rassistisches sonderrecht etabliert das f\u00fcr die betroffenen unter anderem ehe verbote sowie ausschluss auf berufen und der wehrmacht bedeutete<\/p>\n\n\n\n<p>1938<\/p>\n\n\n\n<p>\u00fcber 2000 sinti und roma aus deutschland und \u00f6sterreich darunter kinder ab zw\u00f6lf jahren werden bis 1939 nach dachau buchenwald sachsenhausen ravensbr\u00fcck mauthausen und andere konzentrationslager verschleppt auf weisung des reichsf\u00fchrers ss und der deutschen polizei heinrich himmler wird in berlin beim reichs kriminalpolizei amt eine zentrale stelle eingerichtet die die erfassung und verfolgungen der roman sind die steuern und koordiniert im<\/p>\n\n\n\n<p>dezember&nbsp;ergeht&nbsp;ein&nbsp;grundlegender&nbsp;erlassen&nbsp;das&nbsp;zitat&nbsp;die&nbsp;regelungen&nbsp;der&nbsp;zigeuner&nbsp;frage&nbsp;auf&nbsp;dem&nbsp;lesen&nbsp;dieser&nbsp;rasse&nbsp;heraus&nbsp;in&nbsp;angriff&nbsp;zu&nbsp;nehmen&nbsp;zitat&nbsp;ende&nbsp;mit&nbsp;dem&nbsp;ziel&nbsp;der&nbsp;zitat&nbsp;endg\u00fcltigen&nbsp;l\u00f6sung&nbsp;der&nbsp;zigeuner&nbsp;frage&nbsp;zitat&nbsp;ende&nbsp;die&nbsp;mit&nbsp;der&nbsp;erfassung&nbsp;beauftragte&nbsp;rassen&nbsp;hygienische&nbsp;forschungsstelle&nbsp;fertig&nbsp;bis&nbsp;kriegsende&nbsp;nahezu&nbsp;24.000&nbsp;\u00f6ffentliche&nbsp;gutachten&nbsp;an&nbsp;die&nbsp;eine&nbsp;wesentliche&nbsp;grundlage&nbsp;f\u00fcr&nbsp;die&nbsp;deportation&nbsp;in&nbsp;die&nbsp;vernichtungslager&nbsp;<\/p>\n\n\n\n<p>1939<\/p>\n\n\n\n<p>mit dem beginn des zweiten weltkrieges plant das f\u00fcr die organisation des v\u00f6lkermordes federf\u00fchrende reichssicherheitshauptamt alle als zigeuner erfassten menschen zu deportieren zur vorbereitung von deportationen verf\u00fcgt es allen betroffenen zitat die auflage zu erteilen ihren wohnsitz oder ihren jetzigen aufenthalt bis auf weiteres nicht zu verlassen zitat ende 1940 auf befehl hitlers beginnen die deportationen ganzer familien auf deutschland in das besetzte polen zitat der erste transport von zigeunern nachdem general gouverneur wird mitte mai in st\u00e4rke von 2500 personen in marsch gesetzt werden zitat ende damit begannen die deportationen von roma und sinti am 16<\/p>\n\n\n\n<p>mai 1940 noch bevor juden deportiert wurden in lagern sp\u00e4ter dann auch in die ghettos m\u00fcssen sie unter grausamen bedingungen zwangsarbeit leisten vielerorts unterliegen sinti und roma eine kennzeichnung durch sonder ausweise oder armband mit der aufschrift z 1941 in den besetzten sowjetunion und der anderen besetzten gebieten ost und s\u00fcdeuropas beginnen systematischer massenerschie\u00dfungen von roma so meldet eine einsatzgruppe der sicherheitspolizei sicherheitsdienstes der ss von der krim zigeuner frage bereinigt zitat aus dem \u00f6sterreichischen burgenland werden etwa 5000 roma und sinti in das ghetto litzmannstadt gut im besetzten polen deportiert \u00fcber 600 von ihnen sterben dort die \u00fcberlebenden<\/p>\n\n\n\n<p>werden im januar 1942 im vernichtungslager kubusch \u00e4rmsten im verglasung wagen ermordet 1942 nach einer besprechung mit reichspropagandaminister joseph goebbels \u00fcber die auslieferung von justiz gefangenen an die iss protokollierte reichs justizminister otto guthier das zitat juden und zigeuner schlechthin vernichtet werden sollen der gedanke der vernichtung durch arbeit seien der beste zitat ende 1943 auf der grundlage eines erlasses von heinrich himmler vom 16 dezember 1942 beginnen ab februar die deportationen von rund 23.000 sinti und roma aus fast ganz europa ziel der transporte ist ein von der ss als die gr\u00fcne lager bezeichnete abschnitt von auschwitz berg<\/p>\n\n\n\n<p>genau innerhalb weniger monate sterben die meisten von ihnen an hunger solchen oder durch gewalttaten der ss die n\u00e4chsten elementen des dortigen ss lagerarzt der josef mengele fallen zahlreiche kinder zum opfer im speziellen auch unter seiner zwillings forschung 1944 am 16 vier jahre nach den ersten deportationen aus hamburg leisten viele der im zigeunerlager in auschwitz noch lebenden 6000 gefangenen widerstand gegen ihre drohende ermordung es war die h\u00e4lfte von ihnen wird zur zwangsarbeit in andere konzentrationslager deportiert die letzten 2897 \u00fcberlebenden meist kinder frauen und alte werden in der nacht vom zweiten auf den dritten august 1944<\/p>\n\n\n\n<p>in den gaskammern ermordet und platz f\u00fcr neue deportationsz\u00fcge zu schaffen 1945 die anzahl der als zigeuner verfolgten menschen geben nationalsozialistischen herrschaftsbereich dem v\u00f6lkermord zum opfer fielen wird sich wohl nie genau bestimmen lassen sch\u00e4tzungen reichen von bis zu 500.000 ermordeten m\u00e4nnern frauen und kindern eine anmerkung des bildungsvereins nach gespr\u00e4chen mit dem united states holocaust museum wird gesch\u00e4tzt dass 1,5 bis 3 millionen roma und sinti nicht nur in konzentrationslagern sondern wo sie gefunden wurden oder in w\u00e4ldern oder an sonstigen orten einfach vernichtet ermordet worden.<\/p>\n","protected":false},"excerpt":{"rendered":"<p>Auto Text google speech: Die\u00a0Chronologie\u00a0des\u00a0v\u00f6lkermords\u00a0an\u00a0den\u00a0roma\u00a0und\u00a0sinti\u00a0unter\u00a0der\u00a0herrschaft\u00a0des\u00a0nationalsozialismus\u00a0wurden\u00a0von\u00a01933\u00a0bis\u00a01945\u00a0hunderttausende\u00a0menschen\u00a0in\u00a0deutschland\u00a0und\u00a0anderen\u00a0europ\u00e4ischen\u00a0l\u00e4ndern\u00a0als\u00a0zigeuner\u00a0verfolgt\u00a0die\u00a0meisten\u00a0von\u00a0ihnen\u00a0bezeichneten\u00a0sich\u00a0selbst\u00a0nach\u00a0ihrer\u00a0jeweiligen\u00a0zugeh\u00f6rigkeit\u00a0verschiedener\u00a0gruppen\u00a0beispielsweise\u00a0z\u00e4hlt\u00a0die\u00a0roma\u00a0galerie\u00a0lowara\u00a0oder\u00a0manu\u00a0die\u00a0gr\u00f6\u00dften\u00a0gruppen\u00a0in\u00a0europa\u00a0waren\u00a0die\u00a0roma\u00a0und\u00a0sinti\u00a0ziel\u00a0des\u00a0nationales\u00a0des\u00a0staates\u00a0und\u00a0seiner\u00a0rassenideologie\u00a0war\u00a0die\u00a0vernichtung\u00a0dieser\u00a0minderheit\u00a0kinder\u00a0frauen\u00a0und\u00a0m\u00e4nner\u00a0wurden\u00a0verschleppt\u00a0an\u00a0ihren\u00a0heimatorten\u00a0oder\u00a0an\u00a0ghettos\u00a0konzentrations\u00a0und\u00a0vernichtungslagern\u00a0ermordet\u00a0von\u00a0verfolgungsma\u00dfnahmen\u00a0betroffen\u00a0waren\u00a0auch\u00a0angeh\u00f6rige\u00a0der\u00a0eigenst\u00e4ndigen\u00a0opfergruppe der\u00a0jenischen\u00a0und\u00a0andere\u00a0fahrende.\u00a0 1933 roma&nbsp;und&nbsp;sinti&nbsp;werden&nbsp;versch\u00e4rft&nbsp;diskriminiert&nbsp;zunehmend&nbsp;entrechtet&nbsp;und&nbsp;auf&nbsp;der&nbsp;gesellschaftlichen&nbsp;leben&nbsp;ausgeschlossen&nbsp;es&nbsp;folgen&nbsp;erste&nbsp;einweisungen&nbsp;konzentrationslager&nbsp;und&nbsp;ab 1934&nbsp;zwangssterilisation&nbsp; 1935&nbsp; in&nbsp;vielen&nbsp;st\u00e4dten&nbsp;des&nbsp;deutschen&nbsp;reiches&nbsp;werden&nbsp;konzentrationslager&nbsp;errichtet&nbsp;in&nbsp;berlin&nbsp;werden&nbsp;100&nbsp;menschen&nbsp;zwei&nbsp;wochen&nbsp;vor&nbsp;er\u00f6ffnung&nbsp;der&nbsp;olympischen&nbsp;spiele&nbsp;1936&nbsp;in&nbsp;ein&nbsp;solches&nbsp;lager&nbsp;in&nbsp;stadtteil&nbsp;marzahn&nbsp;eingewiesen&nbsp;die&nbsp;lager&nbsp;dienen&nbsp;der&nbsp;konzentration&nbsp;festsetzung&nbsp;und&nbsp;erfassung&nbsp;der&nbsp;isolierung&nbsp;sowie&nbsp;der&nbsp;rekrutierung&nbsp;zur&nbsp;zwangsarbeit&nbsp; 1936&nbsp; nach&nbsp;den&nbsp;n\u00fcrnberger&nbsp;rassegesetzen&nbsp;von&nbsp;1935&nbsp;verf\u00fcgt&nbsp;reichsinnenminister&nbsp;wilhelm&nbsp;frick&nbsp;im&nbsp;januar&nbsp;1936&nbsp;zitat&nbsp;zu&nbsp;den&nbsp;artfremden&nbsp;rassen&nbsp;geh\u00f6ren&nbsp;alle&nbsp;anderen&nbsp;rassen&nbsp;das&nbsp;Update Voice sind in europa au\u00dfer den juden regelm\u00e4\u00dfig nur die zigeuner zitat ende auf dieser basis wird ein rassistisches sonderrecht etabliert das f\u00fcr die betroffenen unter anderem ehe verbote sowie ausschluss auf berufen und der wehrmacht bedeutete 1938 \u00fcber 2000 sinti und &hellip; <\/p>\n","protected":false},"author":1,"featured_media":0,"parent":0,"menu_order":0,"comment_status":"closed","ping_status":"closed","template":"","meta":{"footnotes":""},"aioseo_notices":[],"_links":{"self":[{"href":"https:\/\/romahistory.com\/index.php?rest_route=\/wp\/v2\/pages\/363"}],"collection":[{"href":"https:\/\/romahistory.com\/index.php?rest_route=\/wp\/v2\/pages"}],"about":[{"href":"https:\/\/romahistory.com\/index.php?rest_route=\/wp\/v2\/types\/page"}],"author":[{"embeddable":true,"href":"https:\/\/romahistory.com\/index.php?rest_route=\/wp\/v2\/users\/1"}],"replies":[{"embeddable":true,"href":"https:\/\/romahistory.com\/index.php?rest_route=%2Fwp%2Fv2%2Fcomments&post=363"}],"version-history":[{"count":0,"href":"https:\/\/romahistory.com\/index.php?rest_route=\/wp\/v2\/pages\/363\/revisions"}],"wp:attachment":[{"href":"https:\/\/romahistory.com\/index.php?rest_route=%2Fwp%2Fv2%2Fmedia&parent=363"}],"curies":[{"name":"wp","href":"https:\/\/api.w.org\/{rel}","templated":true}]}}