{"id":312,"date":"2020-10-14T17:28:42","date_gmt":"2020-10-14T17:28:42","guid":{"rendered":"https:\/\/romahistory.com\/?page_id=312"},"modified":"2020-10-14T17:28:42","modified_gmt":"2020-10-14T17:28:42","slug":"timeline-1906-bis-1920","status":"publish","type":"page","link":"https:\/\/romahistory.com\/?page_id=312","title":{"rendered":"Timeline 1906 bis 1920"},"content":{"rendered":"\n<figure class=\"wp-block-table\"><table><tbody><tr><td><em><strong>1906.&nbsp;<\/strong><\/em>Am 17. Februar erl\u00e4sst der preu\u00dfische Innenminister eine Direktive mit dem Titel Die Bek\u00e4mpfung des Zigeunerunwesens, die eine Liste bilateraler Abkommen mit L\u00e4ndern enth\u00e4lt, die bei der Vertreibung von Roma zusammenarbeiten wollen, namentlich das Kaiserreich \u00d6sterreich-Ungarn, Belgien, D\u00e4nemark, Frankreich, Italien, Luxemburg, die Niederlande, Russland und die Schweiz. Die Polizei ist befugt, Roma f\u00fcr Gesetzesbr\u00fcche zu verfolgen, zu denen \u201eFeuermachen in W\u00e4ldern, illegales Fischen, illegales Kampieren\u201c und \u00e4hnliches geh\u00f6ren. Der tempor\u00e4re Schulbesuch von Kindern, deren Eltern sich auf der Durchreise durch ein Gebiet befinden, wird verboten.<br>Preu\u00dfen f\u00fchrt \u201cZigeunerlizenzen\u201d ein, die von allen ben\u00f6tigt werden, die dort bleiben wollen. Die Lizenzen werden nur ausgegeben, wenn der Antragsteller einen festen Wohnsitz, keine ernsthaften Vorstrafen, ein ordentliches Steuerkonto und eine Ausbildungsversorgung f\u00fcr seine Kinder vorweisen kann. Den Zugelassenen wird jedoch trotzdem nicht gestattet, sich \u00f6rtlich anzusiedeln.<br><br><em><strong>1907.<\/strong><\/em>&nbsp;Viele Roma verlassen Deutschland in Richtung anderer L\u00e4nder Westeuropas.<br>Django Reinhardt, ein ber\u00fchmter Jazz\/Blues-Gitarrist, wird in Ouchie, Belgien, geboren.<br><br><em><strong>1908.&nbsp;<\/strong><\/em>Der Children\u2019s Act f\u00fchrt den obligatorischen Schulbesuch f\u00fcr reisende Zigeunerkinder in England ein, jedoch nur f\u00fcr die H\u00e4lfte des Jahres. Dies wird 1944 fortgesetzt im Education Act, aber viele Zigeunerkinder genie\u00dfen nach wie vor keine Schulbildung.<br><br><em><strong>1909.<\/strong><\/em>&nbsp;Die Schweiz bittet Deutschland, Italien, Frankreich und \u00d6sterreich um Informationsaustausch bez\u00fcglich der Bewegungen von Roma \u00fcber ihre geteilten Grenzen. W\u00e4hrend dieses Anliegen scheitert, beginnt das schweizerische Justizministerium mit einer nationalen Roma-Kartei nach dem M\u00fcnchener Modell. Empfehlungen einer \u201cZigeunerpolitik-Konferenz\u201d in Ungarn beinhalten die Konfiszierung ihrer Tiere und Wagen, sowie die permanente Brandmarkung aus Gr\u00fcnden der Identifizierung.<br><br><em><strong>1912.<\/strong><\/em>&nbsp;Die franz\u00f6sische Regierung f\u00fchrt das carnet anthropom\u00e9trique ein, ein Dokument mit pers\u00f6nlichen Daten, inklusive Foto und Fingerabdr\u00fccke, das alle Roma mit sich f\u00fchren m\u00fcssen. Dies bleibt geltendes Gesetz bis 1970.<br><br><em><strong>1914.<\/strong><\/em>&nbsp;Ein neues Gesetz verbietet jede weitere Immigration von Roma nach Schweden. Es erweist sich als sehr effizient und Roma in Schweden werden von ihren Verwandten in anderen europ\u00e4ischen L\u00e4ndern isoliert. Das Gesetz beh\u00e4lt seine G\u00fcltigkeit bis 1954. Im selben Zeitraum existieren \u00e4hnliche Gesetze in Norwegen und D\u00e4nemark. Norwegen gew\u00e4hrt etwa drei\u00dfig Roma die norwegische Staatsangeh\u00f6rigkeit.<br><br><em><strong>1918.<\/strong><\/em>&nbsp;In Holland f\u00fchrt das Caravan- und Hausboot-Gesetz Kontrollen \u00fcber die Bewegungen von Nomaden ein.<br><br><em><strong>1919.&nbsp;<\/strong><\/em>Artikel 108 der Weimarer Verfassung garantiert Roma und Sinti volle und gleichwertige B\u00fcrgerrechte, doch diese werden nicht beachtet. In Bulgarien wird die Romani Organisation Istiqbal (Zukunft) gegr\u00fcndet.<br><br><em><strong>1920.<\/strong><\/em>&nbsp;Am 27. Juli verbietet der Minister f\u00fcr \u00d6ffentliche Wohlfahrt in D\u00fcsseldorf allen Roma und Sinti das Betreten \u00f6ffentlicher Wasch- und Erholungseinrichtungen (Schwimmb\u00e4der, Badeh\u00e4user, Parks, etc.). In Deutschland argumentieren der Psychiater Karl Binding und der Magistrat Alfred Hoche f\u00fcr die T\u00f6tung von \u201eBallastexistenzen\u201c, solchen Individuen, die nur eine Belastung f\u00fcr die gesamte Menschheit darstellen; hierzu z\u00e4hlen sie Roma. Das Konzept von \u201elebensunw\u00fcrdigem Leben\u201c wird 1933 zum Kern der Nazi-Rassenpolitik, als am 14. Juli jenes Jahres ein Gesetz mit eben dieser Bezeichnung von Adolf Hitler eingef\u00fchrt wird.<\/td><\/tr><\/tbody><\/table><\/figure>\n","protected":false},"excerpt":{"rendered":"<p>1906.&nbsp;Am 17. Februar erl\u00e4sst der preu\u00dfische Innenminister eine Direktive mit dem Titel Die Bek\u00e4mpfung des Zigeunerunwesens, die eine Liste bilateraler Abkommen mit L\u00e4ndern enth\u00e4lt, die bei der Vertreibung von Roma zusammenarbeiten wollen, namentlich das Kaiserreich \u00d6sterreich-Ungarn, Belgien, D\u00e4nemark, Frankreich, Italien, Luxemburg, die Niederlande, Russland und die Schweiz. Die Polizei ist befugt, Roma f\u00fcr Gesetzesbr\u00fcche zu &hellip; <\/p>\n","protected":false},"author":1,"featured_media":0,"parent":0,"menu_order":0,"comment_status":"closed","ping_status":"closed","template":"","meta":{"footnotes":""},"aioseo_notices":[],"_links":{"self":[{"href":"https:\/\/romahistory.com\/index.php?rest_route=\/wp\/v2\/pages\/312"}],"collection":[{"href":"https:\/\/romahistory.com\/index.php?rest_route=\/wp\/v2\/pages"}],"about":[{"href":"https:\/\/romahistory.com\/index.php?rest_route=\/wp\/v2\/types\/page"}],"author":[{"embeddable":true,"href":"https:\/\/romahistory.com\/index.php?rest_route=\/wp\/v2\/users\/1"}],"replies":[{"embeddable":true,"href":"https:\/\/romahistory.com\/index.php?rest_route=%2Fwp%2Fv2%2Fcomments&post=312"}],"version-history":[{"count":0,"href":"https:\/\/romahistory.com\/index.php?rest_route=\/wp\/v2\/pages\/312\/revisions"}],"wp:attachment":[{"href":"https:\/\/romahistory.com\/index.php?rest_route=%2Fwp%2Fv2%2Fmedia&parent=312"}],"curies":[{"name":"wp","href":"https:\/\/api.w.org\/{rel}","templated":true}]}}