{"id":310,"date":"2020-10-14T17:28:42","date_gmt":"2020-10-14T17:28:42","guid":{"rendered":"https:\/\/romahistory.com\/?page_id=310"},"modified":"2020-10-14T17:28:42","modified_gmt":"2020-10-14T17:28:42","slug":"timeline-1848-bis-1885","status":"publish","type":"page","link":"https:\/\/romahistory.com\/?page_id=310","title":{"rendered":"Timeline 1848 bis 1885"},"content":{"rendered":"\n<figure class=\"wp-block-table\"><table><tbody><tr><td><em><strong>1848.<\/strong><\/em>&nbsp;Freilassung von Leibeigenen (einschlie\u00dflich Roma) in Transsylvanien.<br><br><strong><em>1855.<\/em><\/strong>&nbsp;Gobineau ver\u00f6ffentlicht sein Buch \u00ab Essai sur l&#8217;in\u00e9galit\u00e9 des races humaines \u00bb. Dieses argumentiert, dass die Menschheit in h\u00f6here und niedere Rassen zerf\u00e4llt, mit der wei\u00dfen \u201carischen\u201d Rasse, und speziell den nordischen V\u00f6lkern, an der Spitze. Dies hatte besonderen Einfluss auf deutsches philosophisches und politisches Denken. Eine Verordnung im Herzogtum Baden warnt die Einwohner, dass \u201cin der letzten Zeit Zigeuner, vor allem aus Alsace, st\u00e4ndig mit ihren Familien kreuz und quer durchs Land reisen, vorgeblich um Handel zu treiben, aber meistens um zu betteln und anderen illegalen Aktivit\u00e4ten nachzugehen.\u201d<br><br><em><strong>1856.<\/strong><\/em>&nbsp;Die Slobuzenja. Abschaffung der Sklaverei in Rum\u00e4nien, massenhafte Emigrationen von Roma nach Westeuropa und Amerika setzen ein.<br><br><em><strong>1864.&nbsp;<\/strong><\/em>In den vereinigten Balkan-Staaten wird Roma durch Prinz Ioan Alexandru Couza komplette rechtliche Freiheit gew\u00e4hrt.<br><br><em><strong>1868.<\/strong><\/em>&nbsp;In Holland verwendet Richard Liebich in seiner Arbeit \u00fcber Roma erstmals die Bezeichnung \u201clebensunw\u00fcrdiges Leben\u201d mit spezifischem Bezug auf sie. Sp\u00e4ter wird die Bezeichnung als rassische Kategorie gegen Roma im Nazi-Deutschland verwendet.<br><br><em><strong>1870.<\/strong><\/em>&nbsp;Reichskanzler Otto von Bismarck verbreitet einen Brief, datiert vom 18. November, in dem er \u201cdas vollst\u00e4ndige Verbot aller fremden Zigeuner, welche die deutsche Grenze \u00fcberqueren\u201d verlangt, und dass \u201csie auf schnellstem Wege in ihr Ursprungsland zur\u00fcckgebracht werden\u201d. Er sagt au\u00dferdem, dass Roma in Deutschland dokumentarischen Beweis ihrer Staatsangeh\u00f6rigkeit vorlegen m\u00fcssen, und falls dieser nicht vorgezeigt wird, sollen ihnen Reisep\u00e4sse verwehrt bleiben.<br><br><em><strong>1874.&nbsp;<\/strong><\/em>Im Ottomanischen Kaiserreich werden muslimischen Roma dieselben Rechte wie anderen Muslimen einger\u00e4umt.<br><br><em><strong>1876.<\/strong><\/em>&nbsp;Cesare Lombroso ver\u00f6ffentlicht seine einflussreiche Arbeit L&#8217;uomo deliquente, die ein ausf\u00fchrliches Kapitel \u00fcber den genetischen kriminellen Charakter der Roma enth\u00e4lt. Die Arbeit wird in viele Sprachen \u00fcbersetzt, einschlie\u00dflich deutsch und englisch, und hat tiefsch\u00fcrfenden Einfluss auf westliche Gesetzesmentalit\u00e4t.<br>In Bayern wird eine Verordnung erlassen, welche die strikte Kontrolle von Dokumenten im Besitz von Roma verlangt, sowohl an der Grenze als auch im Inland, und die Konfiszierung ihrer Arbeitserlaubnis beim geringsten m\u00f6glichen Grund vorschreibt. Auch ihre Pferde sollen kontrolliert und konfisziert werden, falls sie als ungesund eingestuft werden. Die Bewegungen jener Zigeuner, denen der weitere Aufenthalt genehmigt wird, sollen genau beobachtet werden.<br><br><em><strong>1879.<\/strong><\/em>&nbsp;Eine nationale Konferenz der Roma versammelt sich in Kisfalu, Ungarn.<br>In Serbien wird Nomadentum verboten.<br><br><em><strong>1880er Jahre.&nbsp;<\/strong><\/em>Eine landwirtschaftliche Krise in England st\u00fcrzt viele Zigeuner in Armut, die deshalb in Siedlungsgebiete in der N\u00e4he von St\u00e4dten ziehen. Argentinien verbietet Roma das Betreten des Landes.<br><br><em><strong>1884.<\/strong><\/em>&nbsp;Dr. Sonya Kavalevsky, eine Roma, wird an der Universit\u00e4t Stockholm als Professorin f\u00fcr Mathematik eingesetzt, womit sie zur ersten Professorin in Skandinavien wird.<br><br><em><strong>1885-95.<\/strong><\/em>&nbsp;Erfolglose Versuche im englischen Parlament, Gesetze \u00fcber Bewegliche Wohnsitze einzuf\u00fchren, um das Leben von Zigeunern zu regulieren.<br><br><em><strong>1885.<\/strong><\/em>&nbsp;Roma werden von der Immigrationspolitik der Vereinigten Staaten ausgeschlossen; viele werden zur\u00fcck nach Europa geschickt.<\/td><\/tr><\/tbody><\/table><\/figure>\n","protected":false},"excerpt":{"rendered":"<p>1848.&nbsp;Freilassung von Leibeigenen (einschlie\u00dflich Roma) in Transsylvanien. 1855.&nbsp;Gobineau ver\u00f6ffentlicht sein Buch \u00ab Essai sur l&#8217;in\u00e9galit\u00e9 des races humaines \u00bb. Dieses argumentiert, dass die Menschheit in h\u00f6here und niedere Rassen zerf\u00e4llt, mit der wei\u00dfen \u201carischen\u201d Rasse, und speziell den nordischen V\u00f6lkern, an der Spitze. Dies hatte besonderen Einfluss auf deutsches philosophisches und politisches Denken. Eine Verordnung &hellip; <\/p>\n","protected":false},"author":1,"featured_media":0,"parent":0,"menu_order":0,"comment_status":"closed","ping_status":"closed","template":"","meta":{"footnotes":""},"aioseo_notices":[],"_links":{"self":[{"href":"https:\/\/romahistory.com\/index.php?rest_route=\/wp\/v2\/pages\/310"}],"collection":[{"href":"https:\/\/romahistory.com\/index.php?rest_route=\/wp\/v2\/pages"}],"about":[{"href":"https:\/\/romahistory.com\/index.php?rest_route=\/wp\/v2\/types\/page"}],"author":[{"embeddable":true,"href":"https:\/\/romahistory.com\/index.php?rest_route=\/wp\/v2\/users\/1"}],"replies":[{"embeddable":true,"href":"https:\/\/romahistory.com\/index.php?rest_route=%2Fwp%2Fv2%2Fcomments&post=310"}],"version-history":[{"count":0,"href":"https:\/\/romahistory.com\/index.php?rest_route=\/wp\/v2\/pages\/310\/revisions"}],"wp:attachment":[{"href":"https:\/\/romahistory.com\/index.php?rest_route=%2Fwp%2Fv2%2Fmedia&parent=310"}],"curies":[{"name":"wp","href":"https:\/\/api.w.org\/{rel}","templated":true}]}}