{"id":309,"date":"2020-10-14T17:28:42","date_gmt":"2020-10-14T17:28:42","guid":{"rendered":"https:\/\/romahistory.com\/?page_id=309"},"modified":"2020-10-14T17:28:42","modified_gmt":"2020-10-14T17:28:42","slug":"timeline-1782-bis-1848","status":"publish","type":"page","link":"https:\/\/romahistory.com\/?page_id=309","title":{"rendered":"Timeline 1782 bis 1848"},"content":{"rendered":"\n<p><em><strong>1782.&nbsp;<\/strong><\/em>Joseph II. von Ungarn, Sohn von Kaiserin Maria Theresa, erl\u00e4sst ein Edikt mit 59 Punkten, in dem er seine Politik wiederholt: Unterricht f\u00fcr Kinder und obligatorischer Besuch von heiligen Messen; Romani Sprache, Kleidung und Musik sind verboten. In Ungarn werden 200 Roma des Kannibalismus beschuldigt und angeklagt.<\/p>\n\n\n\n<p><em><strong>1783.<\/strong><\/em>&nbsp;Die spanische Gesetzgebung wiederholt fr\u00fchere Befehle. Gitano Kleidung, Lebensart und Sprache sind verboten, und Ansiedlung ist obligatorisch innerhalb von neunzig Tagen. Der Name Gitano wird verboten und muss von allen offiziellen Dokumenten entfernt werden. Restriktionen f\u00fcr Handwerk und Aufenthaltsort von Gitanos werden erleichtert. Nichtbefolgung der Restriktionen wird mit Brandmarkung bestraft. Wiederholungst\u00e4ter werden \u201czum Tode, ohne Einspruch\u201d verurteilt.<br>Heinrich Grellmann von der Universit\u00e4t G\u00f6ttingen schreibt Die Zigeuner. Mit Bezug auf die Arbeiten vorheriger Autoren bezeichnet er Indien als urspr\u00fcngliches Heimatland der Zigeuner aufgrund ihrer Sprache.<br>Sp\u00e4tes 18. Jahrhundert. Graf Orlov von Russland organisiert den ersten Romani Chor, geleitet von Ivan Sokolov. Die Chormitglieder werden aus seinen Romani Leibeigenen ausgew\u00e4hlt.&nbsp;Fr\u00fches 19. Jahrhundert. Zigeunerjagden, sog. Heidenjachten, sind ein verbreiteter und popul\u00e4rer Sport in Deutschland.<\/p>\n\n\n\n<p><em><strong>1802.<\/strong><\/em>&nbsp;Der Pr\u00e4fekt des D\u00e9partment Basses Pyrenees in Frankreich erl\u00e4sst einen Befehl, \u201cdas Land von Zigeunern zu reinigen.\u201d<\/p>\n\n\n\n<p><em><strong>1803.&nbsp;<\/strong><\/em>Napoleon Bonaparte verbietet den Aufenthalt von Roma in Frankreich. Kinder, Frauen und Alte werden ins Armenhaus gesteckt. Junge M\u00e4nner wird die Wahl gelassen, zur Armee oder zur Marine zu gehen. Erwachsene M\u00e4nner werden zur Zwangsarbeit geschickt.<\/p>\n\n\n\n<p><strong>1807.&nbsp;<\/strong>Graf Orlov von Russland l\u00e4sst die K\u00fcnstler seines Romani Chors frei und sie werden der erste professionelle Chor Russlands. Zur Gruppe geh\u00f6rt die ber\u00fchmte Stepanida Soldatova.<\/p>\n\n\n\n<p><strong><em>1811.&nbsp;<\/em><\/strong>Trinity Cooper, ein 13j\u00e4hriges Zigeunerm\u00e4dchen, verlangt f\u00fcr sich und ihre zwei Br\u00fcder den Zutritt zu einer Wohlfahrtsschule f\u00fcr Stra\u00dfenkinder in Clapham, nahe London. Sie werden schlie\u00dflich zugelassen.<\/p>\n\n\n\n<p><em><strong>1816.<\/strong><\/em>&nbsp;John Hoyland, ein Qu\u00e4ker, schreibt das erste ernsthafte Buch, das eine bessere Behandlung der Zigeuner in England verlangt. Es folgen diverse Wohlfahrtsprojekte; aber viele Zigeuner werden als Kriminelle nach Australien deportiert.<\/p>\n\n\n\n<p><em><strong>1822.<\/strong><\/em>&nbsp;Im Vereinigten K\u00f6nigreich wird der Turnpike Act eingef\u00fchrt. Zigeunern, die am Stra\u00dfenrand campieren, wird eine Geldstrafe auferlegt.<\/p>\n\n\n\n<p><strong><em>1830er Jahre.<\/em><\/strong>Die ersten Holzplanwagen mit Pferdegespann f\u00fcr Zigeuner werden in England entwickelt.<\/p>\n\n\n\n<p><strong><em>1830.<\/em>&nbsp;<\/strong>Beh\u00f6rden in Nordhausen, Deutschland, entfernen Roma Kinder von ihren Familien um sie zusammen mit Nicht-Romakindern in Pflegeheime zu stecken.<\/p>\n\n\n\n<p><em><strong>1834.<\/strong><\/em>&nbsp;Der Gouverneur von Wallachia, Alexander Ghica, befreit alle staatlichen Sklaven.<\/p>\n\n\n\n<p><em><strong>1837.<\/strong><\/em>&nbsp;George Borrow \u00fcbersetzt das Lukas-Evangelium in Romani.<\/p>\n\n\n\n<p><em><strong>1842.&nbsp;<\/strong><\/em>Mikhail Sturdza, der hospodar von Moldawien, befreit alle staatlichen Sklaven; allerdings ist der Privatbesitz von Romani Sklaven in Wallachia und Moldawien immer noch erlaubt.<\/p>\n\n\n\n<p><em><strong>1844.&nbsp;<\/strong><\/em>Die moldawische Kirche befreit ihre Romani Sklaven.<\/p>\n\n\n\n<p><em><strong>1847.&nbsp;<\/strong><\/em>Die wallachsche Kirche befreit ihre Romani Sklaven.&#8216;<\/p>\n\n\n\n<p><em><strong>1848.<\/strong><\/em>&nbsp;Freilassung von Leibeigenen (einschlie\u00dflich Roma) in Transsylvanien.<\/p>\n","protected":false},"excerpt":{"rendered":"<p>1782.&nbsp;Joseph II. von Ungarn, Sohn von Kaiserin Maria Theresa, erl\u00e4sst ein Edikt mit 59 Punkten, in dem er seine Politik wiederholt: Unterricht f\u00fcr Kinder und obligatorischer Besuch von heiligen Messen; Romani Sprache, Kleidung und Musik sind verboten. In Ungarn werden 200 Roma des Kannibalismus beschuldigt und angeklagt. 1783.&nbsp;Die spanische Gesetzgebung wiederholt fr\u00fchere Befehle. Gitano Kleidung, &hellip; <\/p>\n","protected":false},"author":1,"featured_media":0,"parent":0,"menu_order":0,"comment_status":"closed","ping_status":"closed","template":"","meta":{"footnotes":""},"aioseo_notices":[],"_links":{"self":[{"href":"https:\/\/romahistory.com\/index.php?rest_route=\/wp\/v2\/pages\/309"}],"collection":[{"href":"https:\/\/romahistory.com\/index.php?rest_route=\/wp\/v2\/pages"}],"about":[{"href":"https:\/\/romahistory.com\/index.php?rest_route=\/wp\/v2\/types\/page"}],"author":[{"embeddable":true,"href":"https:\/\/romahistory.com\/index.php?rest_route=\/wp\/v2\/users\/1"}],"replies":[{"embeddable":true,"href":"https:\/\/romahistory.com\/index.php?rest_route=%2Fwp%2Fv2%2Fcomments&post=309"}],"version-history":[{"count":0,"href":"https:\/\/romahistory.com\/index.php?rest_route=\/wp\/v2\/pages\/309\/revisions"}],"wp:attachment":[{"href":"https:\/\/romahistory.com\/index.php?rest_route=%2Fwp%2Fv2%2Fmedia&parent=309"}],"curies":[{"name":"wp","href":"https:\/\/api.w.org\/{rel}","templated":true}]}}