{"id":308,"date":"2020-10-14T17:28:42","date_gmt":"2020-10-14T17:28:42","guid":{"rendered":"https:\/\/romahistory.com\/?page_id=308"},"modified":"2020-10-14T17:28:42","modified_gmt":"2020-10-14T17:28:42","slug":"timeline-1745-bis-1782","status":"publish","type":"page","link":"https:\/\/romahistory.com\/?page_id=308","title":{"rendered":"Timeline 1745 bis 1782"},"content":{"rendered":"\n<figure class=\"wp-block-table\"><table><tbody><tr><td><strong><em>1745.<\/em><\/strong>Gitanos in Spanien m\u00fcssen innerhalb von zwei Wochen an festgelegten Orten ansiedeln. Die Strafe f\u00fcr Nichtbefolgung lautet Exekution. \u201cEs ist legal, auf sie zu feuern um ihr Leben zu nehmen.\u201d Die Kirchen bieten nicht l\u00e4nger Asyl an. Bewaffneten Truppen wird befohlen, die L\u00e4ndereien zu durchk\u00e4mmen.<br><br><strong><em>1748.&nbsp;<\/em><\/strong>Alle schwedischen Gesetze, die Zigeuner betreffen, werden in ein Gesetz integriert, um weitere Immigration zu vermeiden und alle Roma zur Ansiedlung zu zwingen.<br><br><strong><em>1749.<\/em><\/strong>Das Jahr der \u201cgro\u00dfen Zigeuner-Zusammentreibung\u201d in Spanien. Gitanos werden in \u201cdie Schlechten und die Guten\u201d aufgeteilt aufgrund von Befragungen und Zeugenberichten. F\u00fcr die \u201cSchlechten\u201d ist die Bestrafung \u00f6ffentliche Zwangsarbeit. Fl\u00fcchtige werden erh\u00e4ngt. Mutterlose M\u00e4dchen werden ins Armenhaus geschickt oder in den Dienst von \u201cehrlichen\u201d Familien. \u00c4ltere M\u00e4dchen und Ehefrauen von verurteilten M\u00e4nnern mit Kindern unter sieben Jahre werden \u201cin christlicher Lehre und der heiligen Furcht vor Gott\u201d erzogen und in Fabriken geschickt.<br><br><strong><em>1753-54.<\/em><\/strong>&nbsp;Stephan Valyi, ein ungarischer Student an der Universit\u00e4t von Leyden, entdeckt die Panjabi Wurzeln der Romani-Sprache durch den Vergleich von 1000 W\u00f6rtern gesprochen von drei Studenten aus Malabar mit den Roma aus Raab nahe seiner Heimatstadt.<br><br><strong><em>1759.<\/em><\/strong>&nbsp;Roma werden aus St. Petersburg, Russland, verbannt.<br><br><strong><em>1761.<\/em><\/strong>Maria Theresa, Kaiserin von Ungarn, erl\u00e4sst die ersten Gesetze in Europa zur Ansiedlung und Reformierung, oder Assimilierung, von Roma, die als \u201cneue Ungarn\u201d bezeichnet werden.<br><em><br><strong>1763.&nbsp;<\/strong><\/em>Im \u00d6sterreich-ungarischen Kaiserreich bringt Sz\u00e9kely von Doba die Entdeckungen von Pastor Stephan Valyi \u00fcber die indischen Urspr\u00fcnge der Roma in der Ausgabe der Wiener Zeitung vom 6. November erstmals ans Licht der akademischen \u00d6ffentlichkeit.<br><br><strong><em>1764.<\/em><\/strong>&nbsp;Allen Vagabunden und Wanderern wird in Frankreich erneut gesetzlich der Aufenthalt verboten. Erwachsene M\u00e4nner werden zu drei Jahren Galeerenhaft verurteilt. Alle anderen werden f\u00fcr drei Jahre ins Armenhaus gesteckt, bevor man ihnen die M\u00f6glichkeit einer festen Behausung und Handwerks gibt. Wiederholte Vergehen von M\u00e4nnern werden mit neun Jahren auf den Galeeren bestraft, und vermehrte Vergehen mit lebenslanger Haft.<br><br><strong><em>1764-1827.<\/em>&nbsp;<\/strong>J\u00e1nos Bihari, ein Rom Komponist und Kapellmeister, macht \u201cungarische Tanzmusik\u201d popul\u00e4r.<br><br><strong><em>1773.<\/em><\/strong>&nbsp;Im Dezember befiehlt Maria Theresa, Kaiserin von Ungarn, dass alle Romani Kinder in der Pfalz von Pressburg und in Fahlendorf ihren Eltern genommen werden. Sie werden in ein weit entferntes Dorf gebracht und an Bauern f\u00fcr ein Jahresgehalt von 12-18 Gulden vergeben. Die meisten Kinder rennen davon und zur\u00fcck zu ihren Familien, die in die Berge fl\u00fcchten oder in der Pr\u00e4rie verschwinden.<br><br><em><strong>1776.&nbsp;<\/strong><\/em>Constantin, Prinz von Moldawien, verbietet Ehen mit Roma.<br><br><em><strong>1780.<\/strong><\/em>&nbsp;Englische Anti-Zigeuner-Gesetze werden von diesem Datum an schrittweise, aber nicht vollst\u00e4ndig aufgehoben.<br><br><em><strong>1782.&nbsp;<\/strong><\/em>Joseph II. von Ungarn, Sohn von Kaiserin Maria Theresa, erl\u00e4sst ein Edikt mit 59 Punkten, in dem er seine Politik wiederholt: Unterricht f\u00fcr Kinder und obligatorischer Besuch von heiligen Messen; Romani Sprache, Kleidung und Musik sind verboten. In Ungarn werden 200 Roma des Kannibalismus beschuldigt und angeklagt.<\/td><\/tr><\/tbody><\/table><\/figure>\n","protected":false},"excerpt":{"rendered":"<p>1745.Gitanos in Spanien m\u00fcssen innerhalb von zwei Wochen an festgelegten Orten ansiedeln. Die Strafe f\u00fcr Nichtbefolgung lautet Exekution. \u201cEs ist legal, auf sie zu feuern um ihr Leben zu nehmen.\u201d Die Kirchen bieten nicht l\u00e4nger Asyl an. Bewaffneten Truppen wird befohlen, die L\u00e4ndereien zu durchk\u00e4mmen. 1748.&nbsp;Alle schwedischen Gesetze, die Zigeuner betreffen, werden in ein Gesetz &hellip; <\/p>\n","protected":false},"author":1,"featured_media":0,"parent":0,"menu_order":0,"comment_status":"closed","ping_status":"closed","template":"","meta":{"footnotes":""},"aioseo_notices":[],"_links":{"self":[{"href":"https:\/\/romahistory.com\/index.php?rest_route=\/wp\/v2\/pages\/308"}],"collection":[{"href":"https:\/\/romahistory.com\/index.php?rest_route=\/wp\/v2\/pages"}],"about":[{"href":"https:\/\/romahistory.com\/index.php?rest_route=\/wp\/v2\/types\/page"}],"author":[{"embeddable":true,"href":"https:\/\/romahistory.com\/index.php?rest_route=\/wp\/v2\/users\/1"}],"replies":[{"embeddable":true,"href":"https:\/\/romahistory.com\/index.php?rest_route=%2Fwp%2Fv2%2Fcomments&post=308"}],"version-history":[{"count":0,"href":"https:\/\/romahistory.com\/index.php?rest_route=\/wp\/v2\/pages\/308\/revisions"}],"wp:attachment":[{"href":"https:\/\/romahistory.com\/index.php?rest_route=%2Fwp%2Fv2%2Fmedia&parent=308"}],"curies":[{"name":"wp","href":"https:\/\/api.w.org\/{rel}","templated":true}]}}