{"id":305,"date":"2020-10-14T17:28:42","date_gmt":"2020-10-14T17:28:42","guid":{"rendered":"https:\/\/romahistory.com\/?page_id=305"},"modified":"2020-10-14T17:28:42","modified_gmt":"2020-10-14T17:28:42","slug":"timeline-1562-bis-1647","status":"publish","type":"page","link":"https:\/\/romahistory.com\/?page_id=305","title":{"rendered":"Timeline 1562 bis 1647"},"content":{"rendered":"\n<figure class=\"wp-block-table\"><table><tbody><tr><td><em><strong>1562.<\/strong><\/em>\u00a0In England wird ein Gesetz verabschiedet f\u00fcr \u201cdie weitere Bestrafung von Vagabunden, die sich selbst als \u00c4gypter (Egypts = gypsies) bezeichnen.\u201d Alle in England oder Wales geborenen Zigeuner werden nicht zum Verlassen des Landes gedr\u00e4ngt, wenn sie ihren m\u00fc\u00dfigen und gottlosen Lebenswandel und Umgang beenden. Alle anderen sollen den Tod erleiden und all ihr Land und Gut verlieren.<br><br><em><strong>1563.\u00a0<\/strong><\/em>Der Rat von Trent in Rom best\u00e4tigt, dass Roma keine Priester werden k\u00f6nnen.<br><br><em><strong>1568.\u00a0<\/strong><\/em>Papst Pius V. befiehlt die Vertreibung aller Roma vom Gebiet der r\u00f6misch-katholischen Kirche.<br><br><em><strong>1573.<\/strong><\/em>\u00a0In Schottland wird Zigeunern befohlen, entweder fest anzusiedeln oder das Land zu verlassen.<br><br><em><strong>1578.<\/strong><\/em>\u00a0Im Warschauer Generalparlament (dem Seym) verk\u00fcndet K\u00f6nig Stephan B\u00e1thory ein Edikt, das all jenen Sanktionen androht, die auf ihrem Land Roma beherbergen. Sie werden als Komplizen von Gesetzeslosen bestraft.<br><br><em><strong>1579.<\/strong><\/em>\u00a0Augustus, Kurf\u00fcrst von Sachsen, befiehlt die Konfiszierung von Roma P\u00e4ssen und verbannt sie aus Sachsen.<br>Zigeuner tauchen in den amtlichen Aufzeichnungen von Wales auf.<br>In Portugal wird das Tragen von Roma Kleidung verboten.<br><br><em><strong>1580.\u00a0<\/strong><\/em>Zigeuner tauchen in den amtlichen Aufzeichnungen auf dem finnischen Festland auf.<br><br><em><strong>1586.<\/strong><\/em>\u00a0Nomadische Roma werden aus Wei\u00dfrussland ausgewiesen.<br><br><em><strong>1589.<\/strong><\/em>\u00a0In D\u00e4nemark wird f\u00fcr jeden Roma, der das Land nicht verl\u00e4sst, die Todesstrafe verh\u00e4ngt.<br><br><em><strong>1595<\/strong><\/em>. Stefan Razvan, der Sohn eines Roma-Sklaven und einer freien Frau, wird Herrscher von Moldawien im April. Vier Monate sp\u00e4ter wird er abgesetzt und im Dezember des selben Jahres ermordet.<br><br><em><strong>1596.<\/strong><\/em>\u00a0In der englischen Grafschaft York werden 106 M\u00e4nner und Frauen zum Tode verurteilt, nur weil sie Roma sind. Es werden jedoch nur neun hingerichtet. Die anderen k\u00f6nnen beweisen, dass sie in England geboren wurden.<br>Fr\u00fches 17. Jahrhundert. Die spanische Gesetzgebung wird h\u00e4rter und verbietet Gitanos das Handeln mit Pferden. Der \u00f6rtlichen Bev\u00f6lkerung wird die Formierung bewaffneter Gruppen zu Verfolgung der Gitanos gestattet.<br><br><em><strong>1606.<\/strong><\/em>\u00a0Heinrich IV. von Frankreich verbietet Roma die Versammlung von mehr als drei oder vier Personen. Roma werden als \u201eVagabunden und B\u00f6sewichte\u201c bestraft.<br><br><em><strong>1611.<\/strong><\/em>\u00a0Die spanische Gesetzgebung befiehlt, dass alle Gitano Besitzt\u00fcmer mit dem Land verbunden sein m\u00fcssen.<br><br><em><strong>1619.<\/strong><\/em>\u00a0Philip III. erkl\u00e4rt, dass alle Gitanos innerhalb von sechs Monaten aus dem K\u00f6nigreich Spanien verbannt werden sollen, oder sich in einer Ortschaft mit mehr als 1000 Einwohnern ansiedeln m\u00fcssen. Die Kleidung, Sprache und Name der Gitanos wird verboten. Als Bestrafung droht der Tod.<br><br><em><strong>1637.<\/strong><\/em>\u00a0In Schweden wird das erste Anti-Zigeuner-Gesetz angewendet. Alle Roma sollen innerhalb eines Jahres des Landes verwiesen werden. Falls irgendwelche Roma nach diesem Datum in Schweden gefunden werden, sollen die M\u00e4nner aufgeh\u00e4ngt und die Frauen und Kinder aus dem Land getrieben werden.<br><br><em><strong>1646.<\/strong><\/em>\u00a0Eine Verordnung in Berne gibt jedermann das Recht, Roma oder heidnische Unt\u00e4ter \u201cpers\u00f6nlich mit bastinado oder Feuerwaffe zu t\u00f6ten oder liquidieren\u201c.<br><br><em><strong>1647.<\/strong><\/em>\u00a0Roma werden von der Regentschaft Ludwig XIV. bestraft, weil sie \u201cB\u00f6hmer\u201d sind. Als Bestrafung drohen die Galeeren.<\/td><\/tr><\/tbody><\/table><\/figure>\n","protected":false},"excerpt":{"rendered":"<p>1562.\u00a0In England wird ein Gesetz verabschiedet f\u00fcr \u201cdie weitere Bestrafung von Vagabunden, die sich selbst als \u00c4gypter (Egypts = gypsies) bezeichnen.\u201d Alle in England oder Wales geborenen Zigeuner werden nicht zum Verlassen des Landes gedr\u00e4ngt, wenn sie ihren m\u00fc\u00dfigen und gottlosen Lebenswandel und Umgang beenden. Alle anderen sollen den Tod erleiden und all ihr Land &hellip; <\/p>\n","protected":false},"author":1,"featured_media":0,"parent":0,"menu_order":0,"comment_status":"closed","ping_status":"closed","template":"","meta":{"footnotes":""},"aioseo_notices":[],"_links":{"self":[{"href":"https:\/\/romahistory.com\/index.php?rest_route=\/wp\/v2\/pages\/305"}],"collection":[{"href":"https:\/\/romahistory.com\/index.php?rest_route=\/wp\/v2\/pages"}],"about":[{"href":"https:\/\/romahistory.com\/index.php?rest_route=\/wp\/v2\/types\/page"}],"author":[{"embeddable":true,"href":"https:\/\/romahistory.com\/index.php?rest_route=\/wp\/v2\/users\/1"}],"replies":[{"embeddable":true,"href":"https:\/\/romahistory.com\/index.php?rest_route=%2Fwp%2Fv2%2Fcomments&post=305"}],"version-history":[{"count":0,"href":"https:\/\/romahistory.com\/index.php?rest_route=\/wp\/v2\/pages\/305\/revisions"}],"wp:attachment":[{"href":"https:\/\/romahistory.com\/index.php?rest_route=%2Fwp%2Fv2%2Fmedia&parent=305"}],"curies":[{"name":"wp","href":"https:\/\/api.w.org\/{rel}","templated":true}]}}