{"id":304,"date":"2020-10-14T17:28:42","date_gmt":"2020-10-14T17:28:42","guid":{"rendered":"https:\/\/romahistory.com\/?page_id=304"},"modified":"2020-10-14T17:28:42","modified_gmt":"2020-10-14T17:28:42","slug":"timeline-1526-bis-1562","status":"publish","type":"page","link":"https:\/\/romahistory.com\/?page_id=304","title":{"rendered":"Timeline 1526 bis 1562"},"content":{"rendered":"\n<p><em><strong>1526.&nbsp;<\/strong><\/em>In Holland und Portugal werden die ersten Anti-Zigeuner-Gesetze verabschiedet.<br><br><em><strong>1530.&nbsp;<\/strong><\/em>In England wird das erste Gesetz zur Ausweisung von Zigeunern eingef\u00fchrt. Heinrich VIII. verbietet den Transport von Zigeunern nach England. Die Geldstrafe betr\u00e4gt 40 Pfund f\u00fcr den Schiffsbesitzer oder Kapit\u00e4n. Die Zigeuner-Passagiere werden durch Erh\u00e4ngung bestraft.<br><br><em><strong>1531.<\/strong><\/em>&nbsp;Der Augsburger Reichstag verbietet die Ausstellung von P\u00e4ssen f\u00fcr Roma.<br><br><em><strong>1536.&nbsp;<\/strong><\/em>In D\u00e4nemark werden die ersten Anti-Zigeuner-Gesetze verabschiedet<br><br><em><strong>1538.<\/strong><\/em>&nbsp;In Portugal beginnt die Deportation von Roma in die Kolonien.<br><br><em><strong>1539.<\/strong><\/em>&nbsp;Roma wird durch Franz I. der Aufenthalt in Frankreich untersagt. Die Strafe lautet Verbannung. Ein zweites Vergehen wird durch k\u00f6rperliche Z\u00fcchtigung geahndet.<br><br><em><strong>1540.<\/strong><\/em>&nbsp;In Schottland wird es Zigeunern erlaubt, unter ihren eigenen Gesetzen zu leben.<br><br><em><strong>1541.<\/strong><\/em>&nbsp;In Prag werden die Roma f\u00fcr den Ausbruch mehrerer Feuer verantwortlich gemacht. Dies ist der Anfang f\u00fcr zuk\u00fcnftige Anti-Zigeuner-Gesetze. In Schottland werden die ersten Anti-Zigeuner-Gesetze verabschiedet.<br><br><em><strong>1547.&nbsp;<\/strong><\/em>Edward VI. von England verabschiedet ein Gesetz laut dem alle Zigeuner gefasst werden sollen, um sie \u201emit einem V\u2019 auf ihrer Schulter zu brandmarken und dann f\u00fcr zwei Jahre zu versklaven\u201c. Wenn Fl\u00fcchtlinge gefangen werden, sollen sie ein S\u2019 als Brandzeichen erhalten und lebenslang versklavt werden.<br>Andrew Boorde verfasst in England eine Enzyklop\u00e4die mit dem Titel The Fyrst Boke of the Introduction of Knowledge (Das erste Buch der Einf\u00fchrung von Wissen). Es enth\u00e4lt ein Kapitel \u00fcber Roma, in dem sich einige der ersten schriftlichen Proben dieser Sprache finden.<br><br><em><strong>1549.<\/strong><\/em>&nbsp;In B\u00f6hmen werden die ersten Anti-Zigeuner-Gesetze verabschiedet.<\/p>\n\n\n\n<p><strong><em>1554.<\/em><\/strong>&nbsp;Unter der Regentschaft von Philip und Maria wird ein Gesetz verabschiedet, laut dem jedem die Todesstrafe droht, der ein Zigeuner ist oder \u201ezu den Gef\u00e4hrten oder der Gesellschaft von Zigeunern (Egyptians = Gypsies) geh\u00f6ren sollte\u201c.<\/p>\n\n\n\n<p><strong><em>1557.<\/em><\/strong>&nbsp;In Litauen werden die ersten Anti-Zigeuner-Gesetze verabschiedet.<br>Unter der Regentschaft von Sigismund Augustus verabschiedet das Warschauer Parlament das erste Gesetz zur Ausweisung von Roma.<br><br><em><strong>1559.<\/strong><\/em>&nbsp;Roma tauchen in den amtlichen Aufzeichnungen der finnischen Insel \u00c5land auf.<br><br><em><strong>1560.<\/strong><\/em>&nbsp;Der Erzbischof der schwedischen Lutheranischen Kirche verbietet seinen Priestern jeglichen Umgang mit Roma. Ihre Kinder d\u00fcrfen nicht getauft und ihre Toten nicht kirchlich begraben werden. 1560 und andere. Die spanische Gesetzgebung verbietet Gitanos in Gruppen von mehr als zwei Leuten zu reisen. Gitano Kleidung wird verboten. Die Strafe f\u00fcr Tragen von Gitano Kleidung oder Reisen in Gruppen von mehr als zwei Personen betr\u00e4gt bis zu 18 Jahre als Galeerensklave f\u00fcr alle, die \u00e4lter als 14 Jahre sind. Dieses Gesetz wird sp\u00e4ter ge\u00e4ndert, so dass die Strafe f\u00fcr alle Nomaden Tod lautet, und die Galeeren f\u00fcr angesiedelte Gitanos reserviert bleiben.<br><br><em><strong>1561.<\/strong><\/em>&nbsp;Roma wird durch Karl IX. der Aufenthalt in Frankreich untersagt. Die Strafe lautet Verbannung. Ein zweites Vergehen wird durch k\u00f6rperliche Z\u00fcchtigung und Galeerenhaft geahndet. M\u00e4nnern, Frauen und Kindern werden die K\u00f6pfe geschoren.<br><br><em><strong>1562.<\/strong><\/em>&nbsp;In England wird ein Gesetz verabschiedet f\u00fcr \u201cdie weitere Bestrafung von Vagabunden, die sich selbst als \u00c4gypter (Egypts = gypsies) bezeichnen.\u201d Alle in England oder Wales geborenen Zigeuner werden nicht zum Verlassen des Landes gedr\u00e4ngt, wenn sie ihren m\u00fc\u00dfigen und gottlosen Lebenswandel und Umgang beenden. Alle anderen sollen den Tod erleiden und all ihr Land und Gut verlieren.<\/p>\n","protected":false},"excerpt":{"rendered":"<p>1526.&nbsp;In Holland und Portugal werden die ersten Anti-Zigeuner-Gesetze verabschiedet. 1530.&nbsp;In England wird das erste Gesetz zur Ausweisung von Zigeunern eingef\u00fchrt. Heinrich VIII. verbietet den Transport von Zigeunern nach England. Die Geldstrafe betr\u00e4gt 40 Pfund f\u00fcr den Schiffsbesitzer oder Kapit\u00e4n. Die Zigeuner-Passagiere werden durch Erh\u00e4ngung bestraft. 1531.&nbsp;Der Augsburger Reichstag verbietet die Ausstellung von P\u00e4ssen f\u00fcr Roma. &hellip; <\/p>\n","protected":false},"author":1,"featured_media":0,"parent":0,"menu_order":0,"comment_status":"closed","ping_status":"closed","template":"","meta":{"footnotes":""},"aioseo_notices":[],"_links":{"self":[{"href":"https:\/\/romahistory.com\/index.php?rest_route=\/wp\/v2\/pages\/304"}],"collection":[{"href":"https:\/\/romahistory.com\/index.php?rest_route=\/wp\/v2\/pages"}],"about":[{"href":"https:\/\/romahistory.com\/index.php?rest_route=\/wp\/v2\/types\/page"}],"author":[{"embeddable":true,"href":"https:\/\/romahistory.com\/index.php?rest_route=\/wp\/v2\/users\/1"}],"replies":[{"embeddable":true,"href":"https:\/\/romahistory.com\/index.php?rest_route=%2Fwp%2Fv2%2Fcomments&post=304"}],"version-history":[{"count":0,"href":"https:\/\/romahistory.com\/index.php?rest_route=\/wp\/v2\/pages\/304\/revisions"}],"wp:attachment":[{"href":"https:\/\/romahistory.com\/index.php?rest_route=%2Fwp%2Fv2%2Fmedia&parent=304"}],"curies":[{"name":"wp","href":"https:\/\/api.w.org\/{rel}","templated":true}]}}