{"id":301,"date":"2020-10-14T17:28:42","date_gmt":"2020-10-14T17:28:42","guid":{"rendered":"https:\/\/romahistory.com\/?page_id=301"},"modified":"2020-10-14T17:28:42","modified_gmt":"2020-10-14T17:28:42","slug":"roma-und-hamburg","status":"publish","type":"page","link":"https:\/\/romahistory.com\/?page_id=301","title":{"rendered":"Roma und Hamburg"},"content":{"rendered":"\n<p>Wir wissen nicht genau, wann die ersten Sinti nach Hamburg kamen, doch vermutlich war es schon im 15. Jahrhundert. Aus dieser Zeit ist ihre Anwesenheit in anderen norddeutschen St\u00e4dten, wie etwa L\u00fcbeck, bekannt. Roma zogen erst im 19. Jahrhundert in die Stadt. Mit der Industrialisierung konnten viele am Rande der Gro\u00dfst\u00e4dte Arbeit und eine Wohnung finden.Familien, die erst vor einer oder zwei Generationen, nach Aufhebung der Leibeigenschaft, aus Osteuropa nach Deutschland zogen, versuchten sich niederzulassen. Doch trotz des allgemeinen Bedarfs an Arbeitskr\u00e4ften und der Offenheit, der sich die Hansestadt bereits r\u00fchmte, war der Niederlassungsweg von Roma in der Stadt von Einschr\u00e4nkungen und &#8222;Abwehrma\u00dfnahmen&#8220; begleitet.<br>1890 verbot die Stadt durch einen Erlass den Zutritt f\u00fcr &#8222;jeden Zigeuner, der nicht zweifelsfrei nachweisen konnte, dass er deutscher Staatsb\u00fcrger ist.&#8220; Bei inl\u00e4ndischen Zigeunern schloss sich 1891 Hamburg der Praxis anderer St\u00e4dte an, ihnen keine Arbeitsb\u00fccher auszustellen, ohne die eine geregelte Arbeitsaufnahme ausgeschlossen war.Auch die Erteilung von Wandergewerbescheinen wurde strenger gehandhabt in der Erwartung, dass dadurch viele Sinti und Roma die Stadt verlassen w\u00fcrden. Das taten jedoch nur wenige, denn auch in anderen Regionen Deutschlands galten in Bezug auf Zigeuner \u00e4hnliche Bestimmungen. Ma\u00dfnahmen, die dazu gedacht waren, Sinti und Roma aus der Stadt zu verdr\u00e4ngen, f\u00fchrten letztendlich dazu, ihre wirtschaftliche Existenz zu zerst\u00f6ren, sie in Armut und in soziales Elend zu treiben. Viele waren auf Gelegenheitsarbeiten angewiesen oder wurden von der Sozialunterst\u00fctzung abh\u00e4ngig.<\/p>\n","protected":false},"excerpt":{"rendered":"<p>Wir wissen nicht genau, wann die ersten Sinti nach Hamburg kamen, doch vermutlich war es schon im 15. Jahrhundert. Aus dieser Zeit ist ihre Anwesenheit in anderen norddeutschen St\u00e4dten, wie etwa L\u00fcbeck, bekannt. Roma zogen erst im 19. Jahrhundert in die Stadt. Mit der Industrialisierung konnten viele am Rande der Gro\u00dfst\u00e4dte Arbeit und eine Wohnung &hellip; <\/p>\n","protected":false},"author":1,"featured_media":0,"parent":0,"menu_order":0,"comment_status":"closed","ping_status":"closed","template":"","meta":{"footnotes":""},"aioseo_notices":[],"_links":{"self":[{"href":"https:\/\/romahistory.com\/index.php?rest_route=\/wp\/v2\/pages\/301"}],"collection":[{"href":"https:\/\/romahistory.com\/index.php?rest_route=\/wp\/v2\/pages"}],"about":[{"href":"https:\/\/romahistory.com\/index.php?rest_route=\/wp\/v2\/types\/page"}],"author":[{"embeddable":true,"href":"https:\/\/romahistory.com\/index.php?rest_route=\/wp\/v2\/users\/1"}],"replies":[{"embeddable":true,"href":"https:\/\/romahistory.com\/index.php?rest_route=%2Fwp%2Fv2%2Fcomments&post=301"}],"version-history":[{"count":0,"href":"https:\/\/romahistory.com\/index.php?rest_route=\/wp\/v2\/pages\/301\/revisions"}],"wp:attachment":[{"href":"https:\/\/romahistory.com\/index.php?rest_route=%2Fwp%2Fv2%2Fmedia&parent=301"}],"curies":[{"name":"wp","href":"https:\/\/api.w.org\/{rel}","templated":true}]}}