{"id":300,"date":"2020-10-14T17:28:42","date_gmt":"2020-10-14T17:28:42","guid":{"rendered":"https:\/\/romahistory.com\/?page_id=300"},"modified":"2020-10-14T17:28:42","modified_gmt":"2020-10-14T17:28:42","slug":"aufhebung-der-sklaverei-und-heimatlosigkeit","status":"publish","type":"page","link":"https:\/\/romahistory.com\/?page_id=300","title":{"rendered":"Aufhebung der Sklaverei und Heimatlosigkeit"},"content":{"rendered":"\n<p>Dabei konnten bis zu diesem Zeitpunkt nur wenige Roma der Sklaverei im Balkangebiet \u00fcberhaupt entkommen. Die Situation der meisten blieb bis weit ins 19. Jahrhundert unver\u00e4ndert. W\u00e4hrend die europ\u00e4ischen Aufkl\u00e4rer den Sklavenhandel in Amerika anprangerten, wurden vor der eigenen europ\u00e4ischen Haust\u00fcr Hunderttausende. Roma in Sklaverei gehalten, vor allem in den verschiedenen Provinzen Rum\u00e4niens und Bulgariens- erst 1864 wurde die Sklaverei durch ein Gesetz endg\u00fcltig abgeschafft. Die Roma wurden vor die Wahl des kleineren \u00dcbels gestellt: Dort zu bleiben, wo sie waren, ohne Besitz, ohne Bildung, ohne Beruf und den jahrhundertealten Vorurteilen der Bev\u00f6lkerung ausgesetzt, einer de facto Sklaverei also oder wegzuziehen- aber wohin? In ein fremdes Land, um das eigene Gl\u00fcck zu probieren, um Gelegenheitsarbeiten zu \u00fcbernehmen oder um ein Existenzminimum zu betteln?<\/p>\n\n\n\n<p>Viele w\u00e4hlten den zweiten Weg: Sie zogen weg, und ihr Schicksal \u00e4hnelte dem der geflohenen Roma-Sklaven, die einige Jahrhunderte zuvor nach Mitteleuropa kamen. Sie wurden ausgegrenzt; das Recht, sich niederzulassen, wurde ihnen verweigert. Beruflich durften sie sich nur eingeschr\u00e4nkt bet\u00e4tigen. Bettelten ihre Kinder um ein St\u00fcck Brot, dann galten sie sofort als unerw\u00fcnscht, als Krimmeile, und wurden wieder auf den Weg geschickt, vertrieben und abgeschoben. Aus befreiten Sklaven waren Heimatlose geworden, die durch die L\u00e4nder Europas zogen, nicht aus einem angeborenen Wandertrieb, sondern weil niemand bereit war, sie aufzunehmen.<\/p>\n\n\n\n<p>Gegen diese neue Welle von Romafl\u00fcchtlingen richteten sich erneut Erlasse und Verordnungen. 1899 wurde in M\u00fcnchen eine zentrale Polizeidienststelle gegr\u00fcndet, deren Aufgabe ausschlie\u00dflich die \u00dcberwachung von Roma war. 1926 wurde in Bayern das Gesetz &#8222;zur Bek\u00e4mpfung der Zigeuner, Landfahrer und Arbeitsscheuen&#8220; erlassen.<\/p>\n\n\n\n<p>Dieses Gesetz sollte es erm\u00f6glichen, Sinti, die, die deutsche Staatsangeh\u00f6rigkeit besa\u00dfen, f\u00fcr eine gewisse Zeit in so genannten &#8222;Arbeitsh\u00e4usern&#8220; einzusperren und ihre Kinder zwangsweise in Kinderheime einzuweisen. Ausl\u00e4ndische und staatenlose Roma sollten nach dem Gesetz sofort abgeschoben werden. So begannen die Beh\u00f6rden, zwischen &#8222;inl\u00e4ndischen&#8220; und &#8222;ausl\u00e4ndischen&#8220; Roma zu unterscheiden, um den Zuzug der heimatlosen Romafl\u00fcchtlinge zu unterbinden.<\/p>\n","protected":false},"excerpt":{"rendered":"<p>Dabei konnten bis zu diesem Zeitpunkt nur wenige Roma der Sklaverei im Balkangebiet \u00fcberhaupt entkommen. Die Situation der meisten blieb bis weit ins 19. Jahrhundert unver\u00e4ndert. W\u00e4hrend die europ\u00e4ischen Aufkl\u00e4rer den Sklavenhandel in Amerika anprangerten, wurden vor der eigenen europ\u00e4ischen Haust\u00fcr Hunderttausende. Roma in Sklaverei gehalten, vor allem in den verschiedenen Provinzen Rum\u00e4niens und Bulgariens- &hellip; <\/p>\n","protected":false},"author":1,"featured_media":0,"parent":0,"menu_order":0,"comment_status":"closed","ping_status":"closed","template":"","meta":{"footnotes":""},"aioseo_notices":[],"_links":{"self":[{"href":"https:\/\/romahistory.com\/index.php?rest_route=\/wp\/v2\/pages\/300"}],"collection":[{"href":"https:\/\/romahistory.com\/index.php?rest_route=\/wp\/v2\/pages"}],"about":[{"href":"https:\/\/romahistory.com\/index.php?rest_route=\/wp\/v2\/types\/page"}],"author":[{"embeddable":true,"href":"https:\/\/romahistory.com\/index.php?rest_route=\/wp\/v2\/users\/1"}],"replies":[{"embeddable":true,"href":"https:\/\/romahistory.com\/index.php?rest_route=%2Fwp%2Fv2%2Fcomments&post=300"}],"version-history":[{"count":0,"href":"https:\/\/romahistory.com\/index.php?rest_route=\/wp\/v2\/pages\/300\/revisions"}],"wp:attachment":[{"href":"https:\/\/romahistory.com\/index.php?rest_route=%2Fwp%2Fv2%2Fmedia&parent=300"}],"curies":[{"name":"wp","href":"https:\/\/api.w.org\/{rel}","templated":true}]}}