{"id":278,"date":"2020-10-14T17:12:50","date_gmt":"2020-10-14T17:12:50","guid":{"rendered":"https:\/\/romahistory.com\/?page_id=278"},"modified":"2020-10-14T17:12:50","modified_gmt":"2020-10-14T17:12:50","slug":"zusammenfassung-der-roma-frueh-geschichte","status":"publish","type":"page","link":"https:\/\/romahistory.com\/?page_id=278","title":{"rendered":"Zusammenfassung der Roma fr\u00fch Geschichte"},"content":{"rendered":"\n<h2 class=\"wp-block-heading\"><strong>Wenn wir unsere Vorurteile nicht besiegen, besiegen unsere Vorurteile uns.<\/strong><\/h2>\n\n\n\n<p>Gleich zu Anfang m\u00fcssen wir festhalten, dass die Roma von Mahmoud von Ghazna nicht als einzige homogene Gruppe verschleppt wurden. Es gab \u00fcber 17 lange Jahre regelm\u00e4ssige Verschleppungen von bis zu 50.000 Personen auf einmal.<br>Nun m\u00fcssen wir auch davon ausgehen das die Sklavenarmeen nur dezimiert \u00fcberlebten und \u00fcber die jeweiligen Besitzenden Territorien verteilt waren.<br>Einige Gruppen der Roma verblieben, in Pakistan, Afghanistan, Irak, Iran und Indien.Andere hatten die M\u00f6glichkeit aus zerbrechenden Reichen zu fl\u00fcchten und sich anderen Reichen anzuschliessen oder auch als Sklaven gehalten zu werden.<br><strong>Die Roma fanden nach den Ghaznawiden in verschiedenen Reichen Platz:<\/strong><\/p>\n\n\n\n<p><strong>1. Die Mameluken<br>2. Die Rum Seldschuken<br>3. Die Sklavendynastien<br>4. Czresam<\/strong><\/p>\n\n\n\n<p>Die gr\u00f6\u00dfte Gruppe fand Zuflucht und Assimilation im Rum Seldschuken<br>Reich, das sp\u00e4ter, wie auch das Reich der Mameluken und Czresam in das Osmanische Reich \u00fcbergingen.<\/p>\n\n\n\n<p>Die Geschichtsschreibung der Region hat leider keinen Platz f\u00fcr die Rolle der Roma gefunden. Das ist leider nicht verwunderlich, da die Geschichte immer von den Gewinnern geschrieben wurde, und Roma waren nie die Sieger, h\u00f6chstens ein Werkzeug der Sieger.Es stellt auch ein Problem dar, dass viele Archive mit historischen Dokumenten und Gegenst\u00e4nden, die auf die Roma verweisen k\u00f6nnten, wohl durch die zahlreichen Konflikte in der Region vernichtet wurden. Vergleiche die Verluste historischer Dokumente und Gegenst\u00e4nde nach der Anarchie im Irak im Jahre 2003.<\/p>\n\n\n\n<p><strong>Merke:<\/strong><\/p>\n\n\n\n<p><strong>Die Roma, Ihre Geschichte und ihr Schicksal sind von den politischen Entwicklungen in Gesamteuropa st\u00e4rker gepr\u00e4gt worden, als die irgendeines anderen Volkes. Denn nie hatten die Roma einen eigenen Staat oder eine eigene Regierung, die sich f\u00fcr ihre Belange einsetzte. W\u00e4hrend Hunderttausende Roma und Sinti den Kriegen zwischen den europ\u00e4ischen Staaten zum Opfer fielen, haben sie selbst nie einem anderen Volk den Krieg erkl\u00e4rt.<\/strong><\/p>\n\n\n\n<p>Mahmoud von Ghazna und die Ghaznawiden Dynastie<br>Herrscher \u00fcber das zweitgr\u00f6\u00dfte islamische Reich der Geschichte<br>Das Reich der Ghaznawiden begann mit Mahmoud von Ghazna, der als Sohn einer Sklaven- und Soldaten-Familie aufwuchs und sich schon fr\u00fch f\u00fcr das Milit\u00e4r Interessierte. 1005 wurde von ihm der unabh\u00e4ngige Milit\u00e4rstaat der Ghaznawiden gegr\u00fcndet, weitgehend auf dem heutigen Territorium Afghanistans.<\/p>\n","protected":false},"excerpt":{"rendered":"<p>Wenn wir unsere Vorurteile nicht besiegen, besiegen unsere Vorurteile uns. Gleich zu Anfang m\u00fcssen wir festhalten, dass die Roma von Mahmoud von Ghazna nicht als einzige homogene Gruppe verschleppt wurden. Es gab \u00fcber 17 lange Jahre regelm\u00e4ssige Verschleppungen von bis zu 50.000 Personen auf einmal.Nun m\u00fcssen wir auch davon ausgehen das die Sklavenarmeen nur dezimiert &hellip; <\/p>\n","protected":false},"author":1,"featured_media":0,"parent":0,"menu_order":0,"comment_status":"closed","ping_status":"closed","template":"","meta":{"footnotes":""},"aioseo_notices":[],"_links":{"self":[{"href":"https:\/\/romahistory.com\/index.php?rest_route=\/wp\/v2\/pages\/278"}],"collection":[{"href":"https:\/\/romahistory.com\/index.php?rest_route=\/wp\/v2\/pages"}],"about":[{"href":"https:\/\/romahistory.com\/index.php?rest_route=\/wp\/v2\/types\/page"}],"author":[{"embeddable":true,"href":"https:\/\/romahistory.com\/index.php?rest_route=\/wp\/v2\/users\/1"}],"replies":[{"embeddable":true,"href":"https:\/\/romahistory.com\/index.php?rest_route=%2Fwp%2Fv2%2Fcomments&post=278"}],"version-history":[{"count":0,"href":"https:\/\/romahistory.com\/index.php?rest_route=\/wp\/v2\/pages\/278\/revisions"}],"wp:attachment":[{"href":"https:\/\/romahistory.com\/index.php?rest_route=%2Fwp%2Fv2%2Fmedia&parent=278"}],"curies":[{"name":"wp","href":"https:\/\/api.w.org\/{rel}","templated":true}]}}