{"id":231,"date":"2020-10-14T16:32:43","date_gmt":"2020-10-14T16:32:43","guid":{"rendered":"https:\/\/romahistory.com\/?page_id=231"},"modified":"2020-10-14T16:32:43","modified_gmt":"2020-10-14T16:32:43","slug":"die-seldschuken-990-1077-und-die-rum-seldschuken-1077-1290","status":"publish","type":"page","link":"https:\/\/romahistory.com\/?page_id=231","title":{"rendered":"Die Seldschuken (990-1077) und die Rum Seldschuken (1077-1290)"},"content":{"rendered":"\n<p>Das Reich der Seldschuken wurde 990 gegr\u00fcndet.<br>Im 11. Jahrhundert drangen die seldschukischen Oghusen von Mittelasien in den Iran und Vorderasien vor.<br>Die Seldschuken gingen vor wie Steppenv\u00f6lker (siehe auch 2.4), sie eroberten in Familienclans weite Teile des Iraks, Aserbaidschans und Armeniens. Zur gleichen Zeit herrschten die Ghaznawiden \u00fcber das heutige Afghanistan und das Panjab. Tugril Beg zieht 1055 nach Bagdad ein, und l\u00e4sst sich von den lokalen Herrschern zum Sultan erheben. Unter Alp Arslan (1063-1072) und seinem Sohn Malik Schah (1072-1092) entsteht die gr\u00f6sste politische Macht in Vorderasien, auch die Byzantiner werden von den Seldschuken zur\u00fcckgeschlagen.<\/p>\n\n\n\n<figure class=\"wp-block-table\"><table><tbody><tr><td><strong>Ausbreitungs- und Einflussgebiete der Rum-Seldschuken (990-1307)<\/strong><\/td><\/tr><\/tbody><\/table><\/figure>\n\n\n\n<figure class=\"wp-block-image size-large is-resized\"><img loading=\"lazy\" decoding=\"async\" src=\"http:\/\/romahistory.romaedu.org\/wp-content\/uploads\/2020\/10\/01_rumseldschuken_400pixels.jpg\" alt=\"\" class=\"wp-image-239\" width=\"605\" height=\"389\" srcset=\"https:\/\/romahistory.com\/wp-content\/uploads\/2020\/10\/01_rumseldschuken_400pixels.jpg 400w, https:\/\/romahistory.com\/wp-content\/uploads\/2020\/10\/01_rumseldschuken_400pixels-300x193.jpg 300w, https:\/\/romahistory.com\/wp-content\/uploads\/2020\/10\/01_rumseldschuken_400pixels-93x60.jpg 93w\" sizes=\"(max-width: 605px) 100vw, 605px\" \/><figcaption>Ausbreitungs- und Einflussgebiete der Rum-Seldschuken (990-1307) (Rot-eingef\u00e4rbt) und Bewegungen der Mongolen unter Dschingis Khan (Pfeile) auf aktueller Karte Asiens (Schwarz &#8211; Weiss)<br>Informationen unter\u00a0<a rel=\"noreferrer noopener\" href=\"http:\/\/www.RomNews.de\" target=\"_blank\">www.RomNews.de<\/a>, Copyright: RomNews Society, Hamburg \/ Germany<\/figcaption><\/figure>\n\n\n\n<p>Sultan Sandschar (1141) ist der letzte Sultan eines Gross Seldschukenreiches, danach zerbricht es in Teilreiche. Sulaiman ibn Kutulmisch, gr\u00fcndet nach einer Schlacht gegen Byzanz, das Sultanat der \u201eRum &#8211; Seldschuken\u201c, bei Manzikert auf byzantinischem Gebiet, aber erst Iznik und sp\u00e4ter Konya schafften es, die Seldschuken im \u201eRum &#8211; Seldschuken\u201c Reich zu einen.<\/p>\n\n\n\n<p>Der Begriff Rum entstand durch den Hintergrund, dass die Seldschuken ein Reich nach dem Vorbild der R\u00f6mer bzw. Roms, in Asien schaffen wollten.<\/p>\n\n\n\n<figure class=\"wp-block-image size-large\"><img loading=\"lazy\" decoding=\"async\" width=\"612\" height=\"353\" src=\"http:\/\/romahistory.romaedu.org\/wp-content\/uploads\/2020\/10\/rum.jpg\" alt=\"\" class=\"wp-image-240\" srcset=\"https:\/\/romahistory.com\/wp-content\/uploads\/2020\/10\/rum.jpg 612w, https:\/\/romahistory.com\/wp-content\/uploads\/2020\/10\/rum-300x173.jpg 300w, https:\/\/romahistory.com\/wp-content\/uploads\/2020\/10\/rum-104x60.jpg 104w\" sizes=\"(max-width: 612px) 100vw, 612px\" \/><\/figure>\n\n\n\n<p>Auch da sehen wir schon wie aus Rom das Rum wurde, das bis in die heutige Zeit noch f\u00fcr Verwirrung des Doppelbegriffes zwischen dem Volk, der Stadt und dem R\u00f6mischen Reich sorgt. Die Seldschuken sind jene die das Teppichkn\u00fcpfen der Region einf\u00fchrten.<br>Die Bev\u00f6lkerung des Reiches war sehr vielschichtig, so treten Nomadisierende und Staatenlose; T\u00fcrkst\u00e4mme, Perser, Griechen, Armenier und Roma den Reich der \u201eRum \u2013Seldschuken\u201c bei.<\/p>\n\n\n\n<p>Die Sultane, waren darauf bedacht Ihr Reich zu sichern, speziell da im fr\u00fchen 13. Jahrhundert die Mongolen pl\u00fcndernd in die Region einfielen.Das Reich war sehr offen gegen\u00fcber, der Aufnahme neuer B\u00fcrger. Diese hatten aber auch die Pflicht im Kriegsfall das Reich zu Sch\u00fctzen. Jeder Familienklan musste 10.000 Soldaten zur Verf\u00fcgung stellen.<br>Was B\u00fcrgerrechte angab, galten diese nur f\u00fcr Muslime, da andere immer noch als Sklaven gehalten werden durften.<br>Unter Ala\u2019addin Kaikobad I. (1219-1237) , erreicht das \u201eRum \u2013 Seldschuken\u201c Reich seine gr\u00f6\u00dfte politische Macht. Unter seinem Befehl k\u00e4mpfen S\u00f6ldnertruppen aus Sklaven, freien B\u00fcrgern und Roma, die nach dem Fall des Ghaznawiden Reiches dem Reich der \u201eRum \u2013 Seldschuken\u201c beitraten.Trotzdem Unterliegt das \u201eRum \u2013 Seldschuken\u201c Reich 1243 den Mongolen, und verliert so den Einfluss auf Ihre \u00f6stlichen Gebiete.<br>Zwischen 1284 \u2013 1302 \u00fcbernehmen mehr und mehr T\u00fcrkst\u00e4mme den Einfluss im \u201eRum \u2013 Seldschuken\u201c Reich. Schliesslich wurde das \u201eRum \u2013 Seldschuken\u201c Reich von Osman I. dem Osmanischen Reich einverleibt.<br>Ein anderes Problem war das der Religionen. Roma waren Hindus wie alle in der Region, zu dem Zeitpunkt der Versklavung. Jetzt stellte sich die Situation ganz anders dar, die Roma mussten sich entscheiden. Von Osten her kamen die Mongolen, die Christen waren die umgebenden Reiche waren Islamisch, auch die Rum \u2013 Seldschuken. Nun hatten die Roma keine Wahl. Es blieb, den Rum Seldschuken beizutreten, Moslem zu werden oder in die Sklaverei zu verfallen, die damals noch fester Bestandteil der Gesellschaft war.<\/p>\n","protected":false},"excerpt":{"rendered":"<p>Das Reich der Seldschuken wurde 990 gegr\u00fcndet.Im 11. Jahrhundert drangen die seldschukischen Oghusen von Mittelasien in den Iran und Vorderasien vor.Die Seldschuken gingen vor wie Steppenv\u00f6lker (siehe auch 2.4), sie eroberten in Familienclans weite Teile des Iraks, Aserbaidschans und Armeniens. Zur gleichen Zeit herrschten die Ghaznawiden \u00fcber das heutige Afghanistan und das Panjab. Tugril Beg &hellip; <\/p>\n","protected":false},"author":1,"featured_media":0,"parent":0,"menu_order":0,"comment_status":"closed","ping_status":"closed","template":"","meta":{"footnotes":""},"aioseo_notices":[],"_links":{"self":[{"href":"https:\/\/romahistory.com\/index.php?rest_route=\/wp\/v2\/pages\/231"}],"collection":[{"href":"https:\/\/romahistory.com\/index.php?rest_route=\/wp\/v2\/pages"}],"about":[{"href":"https:\/\/romahistory.com\/index.php?rest_route=\/wp\/v2\/types\/page"}],"author":[{"embeddable":true,"href":"https:\/\/romahistory.com\/index.php?rest_route=\/wp\/v2\/users\/1"}],"replies":[{"embeddable":true,"href":"https:\/\/romahistory.com\/index.php?rest_route=%2Fwp%2Fv2%2Fcomments&post=231"}],"version-history":[{"count":0,"href":"https:\/\/romahistory.com\/index.php?rest_route=\/wp\/v2\/pages\/231\/revisions"}],"wp:attachment":[{"href":"https:\/\/romahistory.com\/index.php?rest_route=%2Fwp%2Fv2%2Fmedia&parent=231"}],"curies":[{"name":"wp","href":"https:\/\/api.w.org\/{rel}","templated":true}]}}