{"id":218,"date":"2020-10-14T16:26:04","date_gmt":"2020-10-14T16:26:04","guid":{"rendered":"https:\/\/romahistory.com\/?page_id=218"},"modified":"2020-10-14T16:26:04","modified_gmt":"2020-10-14T16:26:04","slug":"dschingis-khan","status":"publish","type":"page","link":"https:\/\/romahistory.com\/?page_id=218","title":{"rendered":"Dschingis Khan"},"content":{"rendered":"\n<p>Der Einfall Dschingis Khans 1221 sorgte f\u00fcr eine Neuordnung der Machtverh\u00e4ltnisse. 35 Jahre vor dem ersten Einfallen Dschingis Kahns in der Region, ging die Dynastie der Ghaznawiden unter. In den ersten Jahren nach dem Niedergang der Ghaznawiden, entstand ein Machtvakuum. Dieses versuchten unter anderen die Rum Seldschuken zu f\u00fcllen. Territorial verbundene V\u00f6lker der Region, endlich befreit von der Sklaverei, oder im der Hoffnung einen Teil des Reiches zu retten,<br>bildeten sich kleine Emirate. Hierbei fielen die Roma geschichtlich wohl zu ersten mal \u201edurchs Netz\u201c. Sie hatten keine<br>territorialen Anspr\u00fcche in der Region. <\/p>\n\n\n\n<figure class=\"wp-block-image size-large is-resized\"><img loading=\"lazy\" decoding=\"async\" src=\"http:\/\/romahistory.romaedu.org\/wp-content\/uploads\/2020\/10\/dschingis.jpg\" alt=\"\" class=\"wp-image-223\" width=\"607\" height=\"726\" srcset=\"https:\/\/romahistory.com\/wp-content\/uploads\/2020\/10\/dschingis.jpg 255w, https:\/\/romahistory.com\/wp-content\/uploads\/2020\/10\/dschingis-251x300.jpg 251w, https:\/\/romahistory.com\/wp-content\/uploads\/2020\/10\/dschingis-50x60.jpg 50w\" sizes=\"(max-width: 607px) 100vw, 607px\" \/><\/figure>\n\n\n\n<p>Zu diesem Zeitpunkt war Ihr Ursprungsgebiet, im heutigen Pakistan bereits Islamisiert, und aus dem Osten kamen die marodierenden Mongolen-Horden. Es blieb ihnen nur, dem Reich der Rum \u2013 Seldschuken oder den Mameluken beizutreten, und dieses zum eigenen Schutz.Dschingis Kahns Reich endete, westlich in Arabien, n\u00f6rdlich mit dem Reich der Rum &#8211; Seldschuken, s\u00fcdlich mit Indien, weiten Teilen der fr\u00fcheren Sowjet Union, inklusive Moskau, geh\u00f6rten zum M\u00e4chtigen Reich der Berittenen Krieger der Mongolen.<\/p>\n\n\n\n<p>Die jahrhunderte lange Pr\u00e4senz, und der furchterregende Einfall der \u201eGoldenen Horden\u201c, sorgten bei den Roma f\u00fcr Angst. Im Besonderen da sie den Aufprall der beiden Fronten 1221 selber miterlebten, und vielleicht als Sklaventruppen teilnehmen mussten, als Dschalal Al-di, der Sohn des Chwaresm-Schahs, die einzige Gegenfront gegen das Mongolenreich aufstellte, die hielt, wenn auch nur eine Schlacht. Diese Schlacht fand in Parwan statt zwischen Ghanzi und Bamian, nachdem die Truppen dort gesammelt wurden. Es ist anzunehmen, dass die Roma Teil dieser Armee waren, die die Mongolen zur\u00fcckschlug. Dieses w\u00fcrde auch erkl\u00e4ren wieso sie so strikt im \u201eRum \u2013 Seldschuken\u201c Reich und sp\u00e4ter im Osmanischen Reich verblieben.<br>Die Mongolen Herrschten in Indien mit den Mogul-Kaisern bis 1858, also blieb kein Weg zur\u00fcck in die Heimat.<br>\u00dcber sechs Millionen Menschen fielen den Pl\u00fcnderungen und Verw\u00fcstungen der Mongolischen Horden zum Opfer.<\/p>\n","protected":false},"excerpt":{"rendered":"<p>Der Einfall Dschingis Khans 1221 sorgte f\u00fcr eine Neuordnung der Machtverh\u00e4ltnisse. 35 Jahre vor dem ersten Einfallen Dschingis Kahns in der Region, ging die Dynastie der Ghaznawiden unter. In den ersten Jahren nach dem Niedergang der Ghaznawiden, entstand ein Machtvakuum. Dieses versuchten unter anderen die Rum Seldschuken zu f\u00fcllen. Territorial verbundene V\u00f6lker der Region, endlich &hellip; <\/p>\n","protected":false},"author":1,"featured_media":0,"parent":0,"menu_order":0,"comment_status":"closed","ping_status":"closed","template":"","meta":{"footnotes":""},"aioseo_notices":[],"_links":{"self":[{"href":"https:\/\/romahistory.com\/index.php?rest_route=\/wp\/v2\/pages\/218"}],"collection":[{"href":"https:\/\/romahistory.com\/index.php?rest_route=\/wp\/v2\/pages"}],"about":[{"href":"https:\/\/romahistory.com\/index.php?rest_route=\/wp\/v2\/types\/page"}],"author":[{"embeddable":true,"href":"https:\/\/romahistory.com\/index.php?rest_route=\/wp\/v2\/users\/1"}],"replies":[{"embeddable":true,"href":"https:\/\/romahistory.com\/index.php?rest_route=%2Fwp%2Fv2%2Fcomments&post=218"}],"version-history":[{"count":0,"href":"https:\/\/romahistory.com\/index.php?rest_route=\/wp\/v2\/pages\/218\/revisions"}],"wp:attachment":[{"href":"https:\/\/romahistory.com\/index.php?rest_route=%2Fwp%2Fv2%2Fmedia&parent=218"}],"curies":[{"name":"wp","href":"https:\/\/api.w.org\/{rel}","templated":true}]}}