{"id":202,"date":"2020-10-14T16:13:47","date_gmt":"2020-10-14T16:13:47","guid":{"rendered":"https:\/\/romahistory.com\/?page_id=202"},"modified":"2020-10-14T16:13:47","modified_gmt":"2020-10-14T16:13:47","slug":"indogriechen","status":"publish","type":"page","link":"https:\/\/romahistory.com\/?page_id=202","title":{"rendered":"Indogriechen"},"content":{"rendered":"\n<p>Die griechisch-indischen Beziehungen blicken auf \u00fcber 4000 Jahre verkn\u00fcpfte Geschichte zur\u00fcck.<br>Die Handelssprache in der Region war Griechisch, wodurch sich die sprachlichen<br>Anlehnungen des Romanes erkl\u00e4ren lassen. Haupthandelsg\u00fcter und Zahlen sind<br>zwischen Romanes und Griechisch bis heute noch fast identisch.In Afghanistan, Pakistan und im n\u00f6rdlichen Indien schafften es einige isolierte griechische K\u00f6nigreiche, nach den Eroberungen Alexander des Grossen f\u00fcr 200 Jahre zu bestehen. Alexander gr\u00fcndete eine Vielzahl von St\u00e4dten, die selbst nach dem Verlust der Herrschaft in Asien, noch griechische Sprache und den Handel mit Europa hinterlie\u00df.Die nachfolgenden K\u00f6nigreiche von Muslimen und Indern profitierten hiervon. Mehr als 40 griechische K\u00f6nige regierten diese Regionen, bis die Baktrischen Dynastien 130 v.Chr. erobert wurden. 143 v.Chr. fiel, das griechische Reich in Europa, und wurde dem R\u00f6mischen Reich einverleibt.<br>330 Nach Christi wurde Konstantinopel zur Hauptstadt des Reiches, und das Reich wurde zur Byzanz.<br>Die griechische Sprache, damals Alt Griechisch, war die ganze Zeit, eine gesprochene und geschriebene Sprache.<br>Das Griechische erf\u00fcllte w\u00e4hrend der Herrschaft der Griechen und danach w\u00e4hrend des R\u00f6mischen, Byzantinischen und Osmanischen Reichen einen Zweck wie das heutige Englisch, es war eine internationale Sprache, die transnationalen Handel erm\u00f6glichte. Selbst w\u00e4hrend der Osmanischen Herrschaft blieb die Griechische Sprache Bestandteil der Sprachenvielfalt der Regionen, und sorgte zum Teil auch f\u00fcr die Identifikation der Religion, Volkszugeh\u00f6rigkeit oder als Ausdruck von Bildung und Status.<\/p>\n\n\n\n<p>Baktrien (heutiges Nord Afghanistan) stabilisierte die Region und baute und sicherte die \u00fcber 1000 Kilometer lange Seidenstrasse, den Highway des Handels zwischen Asien und Europa, waren teil dieses Landes.<\/p>\n\n\n\n<p><strong>Die Domba Kaste, das Urvolk der Roma:<\/strong><\/p>\n\n\n\n<p>In der Domba Sprache:<br>Dom =Mann<br>Domni =Frau<\/p>\n\n\n\n<p>in Romanes bis heute<br>Rom = Mann<br>Romni = Frau<\/p>\n\n\n\n<p><strong><em>Romanes:<br>Die Sprache der Roma<\/em><\/strong><\/p>\n\n\n\n<figure class=\"wp-block-embed-youtube wp-block-embed is-type-video is-provider-youtube wp-embed-aspect-16-9 wp-has-aspect-ratio\"><div class=\"wp-block-embed__wrapper\">\n<iframe loading=\"lazy\" title=\"7. Die Sprache der Roma und Sinti &quot;Romanes&quot; - Schlauer in 100 Sekunden.\" width=\"1020\" height=\"574\" src=\"https:\/\/www.youtube.com\/embed\/Ho64CkMTOz0?feature=oembed\" frameborder=\"0\" allow=\"accelerometer; autoplay; clipboard-write; encrypted-media; gyroscope; picture-in-picture; web-share\" allowfullscreen><\/iframe>\n<\/div><figcaption>Hier findet ihr die Playlisten zu weiteren 25 Sprachen:  https:\/\/www.youtube.com\/user\/RomaEduOrg\/playlists <\/figcaption><\/figure>\n","protected":false},"excerpt":{"rendered":"<p>Die griechisch-indischen Beziehungen blicken auf \u00fcber 4000 Jahre verkn\u00fcpfte Geschichte zur\u00fcck.Die Handelssprache in der Region war Griechisch, wodurch sich die sprachlichenAnlehnungen des Romanes erkl\u00e4ren lassen. Haupthandelsg\u00fcter und Zahlen sindzwischen Romanes und Griechisch bis heute noch fast identisch.In Afghanistan, Pakistan und im n\u00f6rdlichen Indien schafften es einige isolierte griechische K\u00f6nigreiche, nach den Eroberungen Alexander des Grossen &hellip; <\/p>\n","protected":false},"author":1,"featured_media":0,"parent":0,"menu_order":0,"comment_status":"closed","ping_status":"closed","template":"","meta":{"footnotes":""},"aioseo_notices":[],"_links":{"self":[{"href":"https:\/\/romahistory.com\/index.php?rest_route=\/wp\/v2\/pages\/202"}],"collection":[{"href":"https:\/\/romahistory.com\/index.php?rest_route=\/wp\/v2\/pages"}],"about":[{"href":"https:\/\/romahistory.com\/index.php?rest_route=\/wp\/v2\/types\/page"}],"author":[{"embeddable":true,"href":"https:\/\/romahistory.com\/index.php?rest_route=\/wp\/v2\/users\/1"}],"replies":[{"embeddable":true,"href":"https:\/\/romahistory.com\/index.php?rest_route=%2Fwp%2Fv2%2Fcomments&post=202"}],"version-history":[{"count":0,"href":"https:\/\/romahistory.com\/index.php?rest_route=\/wp\/v2\/pages\/202\/revisions"}],"wp:attachment":[{"href":"https:\/\/romahistory.com\/index.php?rest_route=%2Fwp%2Fv2%2Fmedia&parent=202"}],"curies":[{"name":"wp","href":"https:\/\/api.w.org\/{rel}","templated":true}]}}