{"id":193,"date":"2020-10-14T16:10:46","date_gmt":"2020-10-14T16:10:46","guid":{"rendered":"https:\/\/romahistory.com\/?page_id=193"},"modified":"2020-10-14T16:10:46","modified_gmt":"2020-10-14T16:10:46","slug":"alexander-der-grosse","status":"publish","type":"page","link":"https:\/\/romahistory.com\/?page_id=193","title":{"rendered":"Alexander der Gro\u00dfe"},"content":{"rendered":"\n<p>Alexanders Eroberungen f\u00fchren in das hellenistische Zeitalter, das von seinem Todesjahr 323 v.Chr. bis zum Jahr 31 v.Chr. datiert wird. In dieser Periode breitete sich die griechische Kultur \u00fcber Nordafrika und S\u00fcdwestasien aus und hinterlie\u00df spuren in \u00c4gypten und Libyen, im Irak und Iran, in Afghanistan und Pakistan. Die Verschmelzung von griechischen, persischen und anderen kulturellen Elementen hat alle Bereiche des Lebens beeinflusst: Sprache, Politik, Kunst, Literatur und Religion.<br>Dieses ist die Erkl\u00e4rung f\u00fcr die griechischen Elemente im Romanes, der Sprache der Roma.<\/p>\n\n\n\n<p>In Indien und Pakistan hielt sich Alexander f\u00fcr mehr als vier Jahre auf. Dort gr\u00fcndete er mehrere St\u00e4dte, allein im Panjab drei. Erst der Einfall Mahmouds von Ghazna brachte die religi\u00f6sen Neuordnung der Region.<\/p>\n\n\n\n<figure class=\"wp-block-image size-large is-resized\"><img loading=\"lazy\" decoding=\"async\" src=\"http:\/\/romahistory.romaedu.org\/wp-content\/uploads\/2020\/10\/alexander.jpg\" alt=\"\" class=\"wp-image-198\" width=\"607\" height=\"439\" srcset=\"https:\/\/romahistory.com\/wp-content\/uploads\/2020\/10\/alexander.jpg 409w, https:\/\/romahistory.com\/wp-content\/uploads\/2020\/10\/alexander-300x217.jpg 300w, https:\/\/romahistory.com\/wp-content\/uploads\/2020\/10\/alexander-83x60.jpg 83w\" sizes=\"(max-width: 607px) 100vw, 607px\" \/><\/figure>\n\n\n\n<p>Alexander der Gro\u00dfe glaubte, von den griechischen Heroen Herakles und Achilles abzustammen, und somit wollte er ihrem Weg folgen. 334 v. Chr. drang Alexander mit 30.000 Soldaten ins Persische Reich ein, so begannen seine Eroberungen. Alexander eroberte grosse Teile Asiens und Nordafrikas. Vom Orakel des Zeus in der Oase Siwa wurde Alexander<br>zum Sohn des Zeus erkl\u00e4rt. In \u00c4gypten liess er sich zum Pharao erkl\u00e4ren, wie schon in Griechenland behauptete er auch hier, er w\u00fcrde der Sohn von G\u00f6ttern sein, und somit berufen, \u00c4gypten zu regieren. Er gr\u00fcndete 332 v.Chr. die Stadt Alexandria, auch Alexandretta genannt, die heute in Nord \u00c4gypten, am Mittelmeer liegt.<br>Alexander der Gro\u00dfe erlag im Alter von 32 Jahren, am 11. Juni 323 v.Chr., in Babylon, das er erst drei Monate vorher eroberte, einem Fieber.<br>Bis zu diesem Zeitpunkt, eroberte Alexander der Gro\u00dfe ein gigantisches Territorium, von Griechenland und Mazedonien \u00fcber die T\u00fcrkei, Persien und Pakistan bis ins Indische Panjab. Westlich hatte Alexander die gesamte Mittelmeer K\u00fcste bis nach Alexandria, in \u00c4gypten, unter seinen Einfluss gebracht.<\/p>\n\n\n\n<p><strong>Ausbreitungs- und Einflussgebiete<br>Alexander des Gro\u00dfen 336-323 B.C.<\/strong><\/p>\n\n\n\n<figure class=\"wp-block-image size-large is-resized\"><img loading=\"lazy\" decoding=\"async\" src=\"http:\/\/romahistory.romaedu.org\/wp-content\/uploads\/2020\/10\/01_alexanderreich_400pixels.jpg\" alt=\"\" class=\"wp-image-199\" width=\"601\" height=\"386\" srcset=\"https:\/\/romahistory.com\/wp-content\/uploads\/2020\/10\/01_alexanderreich_400pixels.jpg 400w, https:\/\/romahistory.com\/wp-content\/uploads\/2020\/10\/01_alexanderreich_400pixels-300x193.jpg 300w, https:\/\/romahistory.com\/wp-content\/uploads\/2020\/10\/01_alexanderreich_400pixels-93x60.jpg 93w\" sizes=\"(max-width: 601px) 100vw, 601px\" \/><figcaption>Ausbreitung- und Einflussgebiete alexander des Gro\u00dfen 336 &#8211; 323 Vor Christus (Rot eingef\u00e4rbt) auf aktueller Karte Asiens (Schwarz -Weiss)<br>Informationen unter\u00a0<a rel=\"noreferrer noopener\" href=\"http:\/\/www.romnews.de\/\" target=\"_blank\">www.RomNews.de<\/a>, Copyright RomNews Society, Hamburg-Germany<\/figcaption><\/figure>\n\n\n\n<figure class=\"wp-block-table\"><table><tbody><tr><td><img loading=\"lazy\" decoding=\"async\" src=\"images\/01_alexanderreich_400pixels.jpg\" alt=\"\" width=\"400\" height=\"257\"><\/td><td><\/td><\/tr><\/tbody><\/table><\/figure>\n","protected":false},"excerpt":{"rendered":"<p>Alexanders Eroberungen f\u00fchren in das hellenistische Zeitalter, das von seinem Todesjahr 323 v.Chr. bis zum Jahr 31 v.Chr. datiert wird. In dieser Periode breitete sich die griechische Kultur \u00fcber Nordafrika und S\u00fcdwestasien aus und hinterlie\u00df spuren in \u00c4gypten und Libyen, im Irak und Iran, in Afghanistan und Pakistan. Die Verschmelzung von griechischen, persischen und anderen &hellip; <\/p>\n","protected":false},"author":1,"featured_media":0,"parent":0,"menu_order":0,"comment_status":"closed","ping_status":"closed","template":"","meta":{"footnotes":""},"aioseo_notices":[],"_links":{"self":[{"href":"https:\/\/romahistory.com\/index.php?rest_route=\/wp\/v2\/pages\/193"}],"collection":[{"href":"https:\/\/romahistory.com\/index.php?rest_route=\/wp\/v2\/pages"}],"about":[{"href":"https:\/\/romahistory.com\/index.php?rest_route=\/wp\/v2\/types\/page"}],"author":[{"embeddable":true,"href":"https:\/\/romahistory.com\/index.php?rest_route=\/wp\/v2\/users\/1"}],"replies":[{"embeddable":true,"href":"https:\/\/romahistory.com\/index.php?rest_route=%2Fwp%2Fv2%2Fcomments&post=193"}],"version-history":[{"count":0,"href":"https:\/\/romahistory.com\/index.php?rest_route=\/wp\/v2\/pages\/193\/revisions"}],"wp:attachment":[{"href":"https:\/\/romahistory.com\/index.php?rest_route=%2Fwp%2Fv2%2Fmedia&parent=193"}],"curies":[{"name":"wp","href":"https:\/\/api.w.org\/{rel}","templated":true}]}}