{"id":146,"date":"2020-10-14T15:33:03","date_gmt":"2020-10-14T15:33:03","guid":{"rendered":"https:\/\/romahistory.com\/?page_id=146"},"modified":"2020-10-14T15:33:03","modified_gmt":"2020-10-14T15:33:03","slug":"996-1376","status":"publish","type":"page","link":"https:\/\/romahistory.com\/?page_id=146","title":{"rendered":"996 &#8211; 1346"},"content":{"rendered":"\n<p>1.1.&nbsp;<a href=\"1-1.htm\" class=\"broken_link\">Die indischen Wurzeln<\/a><\/p>\n\n\n\n<p>1.2.&nbsp;<a href=\"1-2.htm\" class=\"broken_link\">Alexander der Gro\u00dfe<\/a><\/p>\n\n\n\n<p>1.3.&nbsp;<a href=\"1-3.htm\" class=\"broken_link\">Indogriechen<\/a><\/p>\n\n\n\n<p>1.4.&nbsp;<a href=\"1-4.htm\" class=\"broken_link\">Mahmoud von Ghazna 1186 &#8211; 1348<\/a><\/p>\n\n\n\n<p>1.5.&nbsp;<a href=\"1-5.htm\" class=\"broken_link\">Dschingis Khan<\/a><\/p>\n\n\n\n<p>1.6.&nbsp;<a href=\"1-6.htm\" class=\"broken_link\">Die \u00e4gyptischen Mameluken<\/a><\/p>\n\n\n\n<p>1.7.&nbsp;<a href=\"1-7.htm\" class=\"broken_link\">Die Seldschuken und Rum-Seldschuken<\/a><\/p>\n\n\n\n<p>1.8.&nbsp;<a href=\"1-8.htm\" class=\"broken_link\">Freiheit durch \u00dcbertritt zum Islam<\/a><\/p>\n\n\n\n<p>1.9.&nbsp;<a href=\"1-9.htm\" class=\"broken_link\">Sklavenwirtschaft in Asien und Fluchtbewegungen<\/a><\/p>\n\n\n\n<p>1.10.&nbsp;&nbsp;&nbsp;&nbsp;&nbsp;&nbsp;<a href=\"1-10.htm\" class=\"broken_link\">Das osmanische Reich<\/a><\/p>\n\n\n\n<p>1.11.&nbsp;&nbsp;&nbsp;&nbsp;&nbsp;&nbsp;<a href=\"1-11.htm\" class=\"broken_link\">Historische Bewegungen<\/a><\/p>\n\n\n\n<p>1.12.&nbsp;&nbsp;&nbsp;&nbsp;&nbsp;<a href=\"1-12.htm\" class=\"broken_link\">Zusammenfassung der Roma fr\u00fch Geschichte<\/a><\/p>\n\n\n\n<p>1.13.&nbsp;&nbsp;&nbsp;&nbsp;&nbsp;&nbsp;<a href=\"1-13.htm\" class=\"broken_link\">Tabelle der territorialen Aufteilung unter den verschiedenen Reichen der Zeitperiode anhand von islamischen V\u00f6lkern und der Roma<\/a><\/p>\n","protected":false},"excerpt":{"rendered":"<p>1.1.&nbsp;Die indischen Wurzeln 1.2.&nbsp;Alexander der Gro\u00dfe 1.3.&nbsp;Indogriechen 1.4.&nbsp;Mahmoud von Ghazna 1186 &#8211; 1348 1.5.&nbsp;Dschingis Khan 1.6.&nbsp;Die \u00e4gyptischen Mameluken 1.7.&nbsp;Die Seldschuken und Rum-Seldschuken 1.8.&nbsp;Freiheit durch \u00dcbertritt zum Islam 1.9.&nbsp;Sklavenwirtschaft in Asien und Fluchtbewegungen 1.10.&nbsp;&nbsp;&nbsp;&nbsp;&nbsp;&nbsp;Das osmanische Reich 1.11.&nbsp;&nbsp;&nbsp;&nbsp;&nbsp;&nbsp;Historische Bewegungen 1.12.&nbsp;&nbsp;&nbsp;&nbsp;&nbsp;Zusammenfassung der Roma fr\u00fch Geschichte 1.13.&nbsp;&nbsp;&nbsp;&nbsp;&nbsp;&nbsp;Tabelle der territorialen Aufteilung unter den verschiedenen Reichen der Zeitperiode anhand von islamischen &hellip; <\/p>\n","protected":false},"author":1,"featured_media":0,"parent":0,"menu_order":0,"comment_status":"closed","ping_status":"closed","template":"","meta":{"footnotes":""},"aioseo_notices":[],"_links":{"self":[{"href":"https:\/\/romahistory.com\/index.php?rest_route=\/wp\/v2\/pages\/146"}],"collection":[{"href":"https:\/\/romahistory.com\/index.php?rest_route=\/wp\/v2\/pages"}],"about":[{"href":"https:\/\/romahistory.com\/index.php?rest_route=\/wp\/v2\/types\/page"}],"author":[{"embeddable":true,"href":"https:\/\/romahistory.com\/index.php?rest_route=\/wp\/v2\/users\/1"}],"replies":[{"embeddable":true,"href":"https:\/\/romahistory.com\/index.php?rest_route=%2Fwp%2Fv2%2Fcomments&post=146"}],"version-history":[{"count":0,"href":"https:\/\/romahistory.com\/index.php?rest_route=\/wp\/v2\/pages\/146\/revisions"}],"wp:attachment":[{"href":"https:\/\/romahistory.com\/index.php?rest_route=%2Fwp%2Fv2%2Fmedia&parent=146"}],"curies":[{"name":"wp","href":"https:\/\/api.w.org\/{rel}","templated":true}]}}